{"id":9837,"date":"2025-02-27T09:33:54","date_gmt":"2025-02-27T09:33:54","guid":{"rendered":"https:\/\/semistaal.com\/om-os\/"},"modified":"2025-03-11T08:24:44","modified_gmt":"2025-03-11T08:24:44","slug":"om-os","status":"publish","type":"page","link":"https:\/\/semistaal.com\/de\/om-os\/","title":{"rendered":"\u00dcber uns"},"content":{"rendered":"<h1>\n<p style=\"text-align: center;\">\u00dcber SEMI STAAL<\/p>\n<\/h1>\n<div>\n<p>SEMI STAAL ist ein d\u00e4nisches Technologie- und Produktionsunternehmen, das Reinigungs- und Handhabungssysteme f\u00fcr die Lebensmittel-, Krankenhaus- und Pharmaindustrie entwickelt, herstellt und installiert.<\/p>\n<p>Wir verf\u00fcgen \u00fcber mehr als 50 Jahre Erfahrung und haben L\u00f6sungen f\u00fcr \u00fcber 1.000 Kunden weltweit entwickelt, hergestellt und installiert.<\/p>\n<p>Wir unterst\u00fctzen die Lebensmittel-, Krankenhaus- und Pharmaindustrie bei der Reinigung und Behandlung von Mehrwegverpackungen, Betten, Matratzen und Hilfsmitteln. Dies erm\u00f6glicht unseren Kunden, die Lebensmittelsicherheit zu erh\u00f6hen, die Hygiene zu verbessern, Infektionswege zu unterbrechen und bessere Arbeitsbedingungen zu schaffen.<\/p>\n<\/div>\n<div>\n<ul>\n<li>Wir entwickeln, fertigen und installieren Reinigungs- und Handhabungssysteme f\u00fcr die Lebensmittel-, Krankenhaus- und Pharmaindustrie.<\/li>\n<\/ul>\n<\/div>\n<div>\n<ul>\n<li>Wir sorgen daf\u00fcr, dass Sie die Lebensmittelsicherheit erh\u00f6hen, die Hygiene verbessern und Infektionswege unterbrechen k\u00f6nnen.<\/li>\n<\/ul>\n<\/div>\n<h2>\n<p>Von D\u00e4nemark in die ganze Welt<\/p>\n<\/h2>\n<div>\n<p>SEMI STAAL wurde im Jahr 1972 gegr\u00fcndet. Damals war unser Hauptmarkt D\u00e4nemark, wo wir haupts\u00e4chlich in der Lebensmittelindustrie t\u00e4tig waren und Waschsysteme f\u00fcr Mehrwegverpackungen wie Kisten, Paletten, Wagen, Wannen, Regale usw. entwickelten. Heute liefern wir weltweit und haben unsere Gesch\u00e4ftsbereiche auf den Krankenhaussektor und die pharmazeutische Industrie ausgeweitet.<\/p>\n<p>Im Jahr 2013 wurde das Unternehmen an die dritte Generation der Familie \u00fcbergeben. Das Ziel bleibt bestehen: Einfache L\u00f6sungen bereitzustellen, die es unseren Kunden leicht machen, die Lebensmittelsicherheit zu st\u00e4rken, die Hygiene zu verbessern, Infektionswege zu unterbrechen und die Arbeitsumgebung zu verbessern. Wir haben das Fachwissen, um sicherzustellen, dass Sie die optimale L\u00f6sung f\u00fcr Ihre Bed\u00fcrfnisse, Qualit\u00e4t und Umwelt erhalten.<\/p>\n<p>Seit der Partnerschaft mit SonoSteam, einem Gesch\u00e4ftsbereich von Force Technology, im Jahr 2012 haben wir die SonoSteam-Desinfektionstechnologie in unsere Reinigungs- und Desinfektionsl\u00f6sungen f\u00fcr Betten und Matratzen integriert. Bei der Desinfektion von Kontaktfl\u00e4chen wie Krankenhausmatratzen und Kunststoffboxen hat die Technologie eine signifikante Reduzierung Reduktion von Mikroorganismen innerhalb von Sekunden nachgewiesen. Die SonoSteam-Desinfektion wird mit Dampf und Ultraschall durchgef\u00fchrt &#8211; schnell und sicher.<\/p>\n<p>Im Oktober 2021 haben wir Brygge Partners in unsere Eigent\u00fcmergruppe aufgenommen, um das weitere Wachstum von SEMI STAAL zu sichern.<\/p>\n<\/div>\n<hr>\n<p>\n    <a href=\"https:\/\/semistaal.com\/de\/moed-holdet-bag\/\">Lernen Sie das Team hinter<\/a>\n<\/p>\n<h2>\n<p>Flexible, dauerhafte und nachhaltige L\u00f6sungen<\/p>\n<\/h2>\n<div>\n<p>Mit unseren hochflexiblen und modularen Reinigungssystemen k\u00f6nnen wir unsere L\u00f6sungen so anpassen, dass sie Ihren spezifischen Anforderungen an Kapazit\u00e4t, Funktionalit\u00e4t und physikalischen Bedingungen entsprechen &#8211; jede L\u00f6sung ist individuell und einzigartig.<\/p>\n<p>Wir konzentrieren uns auf die Herstellung qualitativ hochwertiger Produkte und achten dabei auf eine nachhaltige Umwelt. Bei der Wahl der Materialien gehen wir keine Kompromisse ein und unsere Erfahrung zeigt deutlich, dass unsere Maschinen langlebiger sind als die, mit denen wir uns auf dem Markt vergleichen. Viele unserer Maschinen sind noch nach 20-30 Jahren in Betrieb.<\/p>\n<p>Gleichzeitig arbeiten wir st\u00e4ndig daran, den Wasser- und Chemikalienverbrauch zu senken, und setzen \u201egr\u00fcne\u201c Subunternehmer, R\u00fcckkaufprogramme usw. ein &#8211; alles, um sicherzustellen, dass Sie als Kunde die beste\/optimalste L\u00f6sung in Bezug auf Qualit\u00e4t und Nachhaltigkeit\/Umwelt erhalten.<\/p>\n<p>Die Leistung, Stabilit\u00e4t und Lebensdauer Ihrer Maschinen h\u00e4ngt davon ab, wie gut sie gewartet werden. Unser After Sales Service-Programm minimiert das Risiko ungeplanter Ausfallzeiten und gibt Ihnen die Sicherheit, dass das Waschergebnis den Qualit\u00e4ts- und Hygienestandards entspricht.<\/p>\n<\/div>\n<div>\n<ul>\n<li><span>Wir haben das Fachwissen, um sicherzustellen, dass Sie die optimale L\u00f6sung f\u00fcr Ihre Bed\u00fcrfnisse, Qualit\u00e4t und Umwelt erhalten.\n<p><\/span><\/li>\n<li><span>Der After Sales Service garantiert Ihnen ein Reinigungsergebnis, das stets den aktuellen\u00a0<\/span>Qualit\u00e4ts- und Hygienestandards entspricht.<\/li>\n<\/ul>\n<\/div>\n<p><!--more--><br \/>\n<!-- {\"name\":\"Product layout\",\"type\":\"layout\",\"children\":[{\"type\":\"section\",\"props\":{\"css\":\".el-section > [class*='uk-background-'] {\\n    height: 55vh;\\n    max-height: 480px; \\n}\",\"image\":\"wp-content\\\/uploads\\\/2022\\\/11\\\/DSC2456-e1460899777203-1920x480-1.jpg\",\"image_loading\":true,\"image_position\":\"center-center\",\"image_size\":\"cover\",\"padding\":\"xlarge\",\"padding_remove_bottom\":false,\"padding_remove_top\":false,\"style\":\"default\",\"title_breakpoint\":\"xl\",\"title_position\":\"top-left\",\"title_rotation\":\"left\",\"vertical_align\":\"middle\",\"width\":\"default\"},\"children\":[{\"type\":\"row\",\"children\":[{\"type\":\"column\",\"props\":{\"image_position\":\"center-center\",\"position_sticky_breakpoint\":\"m\"}}]}],\"name\":\"Header full width height480px \"},{\"type\":\"section\",\"props\":{\"image_position\":\"center-center\",\"padding_remove_bottom\":true,\"padding_remove_top\":false,\"style\":\"muted\",\"title_breakpoint\":\"xl\",\"title_position\":\"top-left\",\"title_rotation\":\"left\",\"vertical_align\":\"middle\",\"width\":\"default\"},\"children\":[{\"type\":\"row\",\"children\":[{\"type\":\"column\",\"props\":{\"image_position\":\"center-center\",\"position_sticky_breakpoint\":\"m\"},\"children\":[{\"type\":\"headline\",\"props\":{\"content\":\"\n\n<p style=\\\"text-align: center;\\\">\\u00dcber SEMI STAAL<\\\/p>\",\"margin\":\"large\",\"margin_remove_bottom\":false,\"margin_remove_top\":false,\"title_element\":\"h1\"}}]}]}]},{\"type\":\"section\",\"props\":{\"image_position\":\"center-center\",\"padding\":\"small\",\"padding_remove_top\":false,\"style\":\"muted\",\"title_breakpoint\":\"xl\",\"title_position\":\"top-left\",\"title_rotation\":\"left\",\"vertical_align\":\"middle\",\"width\":\"default\"},\"children\":[{\"type\":\"row\",\"props\":{\"column_gap\":\"large\",\"layout\":\"1-2,1-2\"},\"children\":[{\"type\":\"column\",\"props\":{\"image_position\":\"center-center\",\"position_sticky_breakpoint\":\"m\",\"width_medium\":\"1-2\"},\"children\":[{\"type\":\"text\",\"props\":{\"column_breakpoint\":\"m\",\"content\":\"\n\n<p>SEMI STAAL ist ein d\\u00e4nisches Technologie- und Produktionsunternehmen, das Reinigungs- und Handhabungssysteme f\\u00fcr die Lebensmittel-, Krankenhaus- und Pharmaindustrie entwickelt, herstellt und installiert.<\\\/p>\\n\n\n<p>Wir verf\\u00fcgen \\u00fcber mehr als 50 Jahre Erfahrung und haben L\\u00f6sungen f\\u00fcr \\u00fcber 1.000 Kunden weltweit entwickelt, hergestellt und installiert.<\\\/p>\\n\n\n<p>Wir unterst\\u00fctzen die Lebensmittel-, Krankenhaus- und Pharmaindustrie bei der Reinigung und Behandlung von Mehrwegverpackungen, Betten, Matratzen und Hilfsmitteln. Dies erm\\u00f6glicht unseren Kunden, die Lebensmittelsicherheit zu erh\\u00f6hen, die Hygiene zu verbessern, Infektionswege zu unterbrechen und bessere Arbeitsbedingungen zu schaffen.<\\\/p>\",\"margin\":\"default\"}}]},{\"type\":\"column\",\"props\":{\"image_position\":\"center-center\",\"position_sticky_breakpoint\":\"m\",\"width_medium\":\"1-2\"},\"children\":[{\"type\":\"text\",\"props\":{\"column_breakpoint\":\"m\",\"content\":\"\n\n<ul>\\n\n\n<li>Wir entwickeln, fertigen und installieren Reinigungs- und Handhabungssysteme f\\u00fcr die Lebensmittel-, Krankenhaus- und Pharmaindustrie.<\\\/li>\\n<\\\/ul>\",\"margin\":\"default\",\"text_color\":\"warning\"}},{\"type\":\"text\",\"props\":{\"column_breakpoint\":\"m\",\"content\":\"\n\n<ul>\\n\n\n<li>Wir sorgen daf\\u00fcr, dass Sie die Lebensmittelsicherheit erh\\u00f6hen, die Hygiene verbessern und Infektionswege unterbrechen k\\u00f6nnen.<\\\/li>\\n<\\\/ul>\",\"margin\":\"default\",\"text_color\":\"warning\",\"text_style\":\"large\"}}]}]}]},{\"type\":\"section\",\"props\":{\"image_position\":\"center-center\",\"style\":\"default\",\"title_breakpoint\":\"xl\",\"title_position\":\"top-left\",\"title_rotation\":\"left\",\"vertical_align\":\"middle\",\"width\":\"default\"},\"children\":[{\"type\":\"row\",\"props\":{\"column_gap\":\"large\",\"layout\":\"1-2,1-2\"},\"children\":[{\"type\":\"column\",\"props\":{\"image_position\":\"center-center\",\"position_sticky_breakpoint\":\"m\",\"width_medium\":\"1-2\"},\"children\":[{\"type\":\"headline\",\"props\":{\"content\":\"\n\n<p>Von D\\u00e4nemark in die ganze Welt<\\\/p>\",\"title_element\":\"h2\",\"title_style\":\"h3\"}},{\"type\":\"text\",\"props\":{\"column_breakpoint\":\"m\",\"content\":\"\n\n<p>SEMI STAAL wurde im Jahr 1972 gegr\\u00fcndet. Damals war unser Hauptmarkt D\\u00e4nemark, wo wir haupts\\u00e4chlich in der Lebensmittelindustrie t\\u00e4tig waren und Waschsysteme f\\u00fcr Mehrwegverpackungen wie Kisten, Paletten, Wagen, Wannen, Regale usw. entwickelten. Heute liefern wir weltweit und haben unsere Gesch\\u00e4ftsbereiche auf den Krankenhaussektor und die pharmazeutische Industrie ausgeweitet.<\\\/p>\\n\n\n<p>Im Jahr 2013 wurde das Unternehmen an die dritte Generation der Familie \\u00fcbergeben. Das Ziel bleibt bestehen: Einfache L\\u00f6sungen bereitzustellen, die es unseren Kunden leicht machen, die Lebensmittelsicherheit zu st\\u00e4rken, die Hygiene zu verbessern, Infektionswege zu unterbrechen und die Arbeitsumgebung zu verbessern. Wir haben das Fachwissen, um sicherzustellen, dass Sie die optimale L\\u00f6sung f\\u00fcr Ihre Bed\\u00fcrfnisse, Qualit\\u00e4t und Umwelt erhalten.<\\\/p>\\n\n\n<p>Seit der Partnerschaft mit SonoSteam, einem Gesch\\u00e4ftsbereich von Force Technology, im Jahr 2012 haben wir die SonoSteam-Desinfektionstechnologie in unsere Reinigungs- und Desinfektionsl\\u00f6sungen f\\u00fcr Betten und Matratzen integriert. Bei der Desinfektion von Kontaktfl\\u00e4chen wie Krankenhausmatratzen und Kunststoffboxen hat die Technologie eine signifikante Reduzierung Reduktion von Mikroorganismen innerhalb von Sekunden nachgewiesen. Die SonoSteam-Desinfektion wird mit Dampf und Ultraschall durchgef\\u00fchrt - schnell und sicher.<\\\/p>\\n\n\n<p>Im Oktober 2021 haben wir Brygge Partners in unsere Eigent\\u00fcmergruppe aufgenommen, um das weitere Wachstum von SEMI STAAL zu sichern.<\\\/p>\",\"margin\":\"medium\",\"margin_remove_top\":true}},{\"type\":\"divider\",\"props\":{\"divider_element\":\"hr\",\"divider_style\":\"icon\",\"margin\":\"default\"}},{\"type\":\"button\",\"props\":{\"fullwidth\":false,\"grid_column_gap\":\"small\",\"grid_row_gap\":\"small\",\"margin\":\"large\",\"margin_remove_bottom\":false},\"children\":[{\"type\":\"button_item\",\"props\":{\"button_style\":\"primary\",\"content\":\"Lernen Sie das Team hinter\",\"icon_align\":\"left\",\"link\":\"https:\\\/\\\/semistaal.com\\\/de\\\/moed-holdet-bag\\\/\"}}]}]},{\"type\":\"column\",\"props\":{\"image_position\":\"center-center\",\"position_sticky_breakpoint\":\"m\",\"width_medium\":\"1-2\"},\"children\":[{\"type\":\"headline\",\"props\":{\"content\":\"\n\n<p>Flexible, dauerhafte und nachhaltige L\\u00f6sungen<\\\/p>\",\"margin_remove_top\":true,\"title_element\":\"h2\",\"title_style\":\"h3\"}},{\"type\":\"text\",\"props\":{\"column_breakpoint\":\"m\",\"content\":\"\n\n<p>Mit unseren hochflexiblen und modularen Reinigungssystemen k\\u00f6nnen wir unsere L\\u00f6sungen so anpassen, dass sie Ihren spezifischen Anforderungen an Kapazit\\u00e4t, Funktionalit\\u00e4t und physikalischen Bedingungen entsprechen - jede L\\u00f6sung ist individuell und einzigartig.<\\\/p>\\n\n\n<p>Wir konzentrieren uns auf die Herstellung qualitativ hochwertiger Produkte und achten dabei auf eine nachhaltige Umwelt. Bei der Wahl der Materialien gehen wir keine Kompromisse ein und unsere Erfahrung zeigt deutlich, dass unsere Maschinen langlebiger sind als die, mit denen wir uns auf dem Markt vergleichen. Viele unserer Maschinen sind noch nach 20-30 Jahren in Betrieb.<\\\/p>\\n\n\n<p>Gleichzeitig arbeiten wir st\\u00e4ndig daran, den Wasser- und Chemikalienverbrauch zu senken, und setzen \\u201egr\\u00fcne\\u201c Subunternehmer, R\\u00fcckkaufprogramme usw. ein - alles, um sicherzustellen, dass Sie als Kunde die beste\\\/optimalste L\\u00f6sung in Bezug auf Qualit\\u00e4t und Nachhaltigkeit\\\/Umwelt erhalten.<\\\/p>\\n\n\n<p>Die Leistung, Stabilit\\u00e4t und Lebensdauer Ihrer Maschinen h\\u00e4ngt davon ab, wie gut sie gewartet werden. Unser After Sales Service-Programm minimiert das Risiko ungeplanter Ausfallzeiten und gibt Ihnen die Sicherheit, dass das Waschergebnis den Qualit\\u00e4ts- und Hygienestandards entspricht.<\\\/p>\",\"margin\":\"default\"}},{\"type\":\"text\",\"props\":{\"column_breakpoint\":\"m\",\"content\":\"\n\n<ul>\\n\n\n<li><span>Wir haben das Fachwissen, um sicherzustellen, dass Sie die optimale L\\u00f6sung f\\u00fcr Ihre Bed\\u00fcrfnisse, Qualit\\u00e4t und Umwelt erhalten.<br \\\/><br \\\/><\\\/span><\\\/li>\\n\n\n<li><span>Der After Sales Service garantiert Ihnen ein Reinigungsergebnis, das stets den aktuellen\\u00a0<\\\/span>Qualit\\u00e4ts- und Hygienestandards entspricht.<\\\/li>\\n<\\\/ul>\",\"margin\":\"default\",\"text_color\":\"warning\"}}]}]}]},{\"type\":\"section\",\"props\":{\"image_position\":\"center-center\",\"padding_remove_top\":true,\"style\":\"default\",\"title_breakpoint\":\"xl\",\"title_position\":\"top-left\",\"title_rotation\":\"left\",\"vertical_align\":\"middle\",\"width\":\"default\"},\"children\":[{\"type\":\"row\",\"props\":{\"column_gap\":\"large\",\"layout\":\"1-2,1-2\"},\"children\":[{\"type\":\"column\",\"props\":{\"image_position\":\"center-center\",\"position_sticky_breakpoint\":\"m\",\"width_medium\":\"1-2\"}},{\"type\":\"column\",\"props\":{\"image_position\":\"center-center\",\"position_sticky_breakpoint\":\"m\",\"width_medium\":\"1-2\"}}]}]}],\"version\":\"4.3.5\",\"yooessentialsVersion\":\"1.9.2\"} --><\/p>\n","protected":false},"excerpt":{"rendered":"<p>\u00dcber SEMI STAAL SEMI STAAL ist ein d\u00e4nisches Technologie- und Produktionsunternehmen, das Reinigungs- und Handhabungssysteme f\u00fcr die Lebensmittel-, Krankenhaus- und Pharmaindustrie entwickelt, herstellt und installiert. Wir verf\u00fcgen \u00fcber mehr als 50 Jahre Erfahrung und haben L\u00f6sungen f\u00fcr \u00fcber 1.000 Kunden weltweit entwickelt, hergestellt und installiert. Wir unterst\u00fctzen die Lebensmittel-, Krankenhaus- und Pharmaindustrie bei der Reinigung [&hellip;]<\/p>\n","protected":false},"author":8,"featured_media":0,"parent":0,"menu_order":0,"comment_status":"closed","ping_status":"closed","template":"","meta":{"footnotes":""},"class_list":["post-9837","page","type-page","status-publish","hentry"],"yoast_head":"<!-- This site is optimized with the Yoast SEO plugin v27.3 - https:\/\/yoast.com\/product\/yoast-seo-wordpress\/ -->\n<title>\u00dcber uns - SEMI STAAL A\/S<\/title>\n<meta name=\"description\" content=\"D\u00e4nisches Unternehmen, das Reinigungs- und Handhabungssysteme f\u00fcr die Lebensmittel-, Krankenhaus- und Pharmaindustrie entwickelt, produziert und installiert.\" \/>\n<meta name=\"robots\" content=\"index, follow, max-snippet:-1, max-image-preview:large, max-video-preview:-1\" \/>\n<link rel=\"canonical\" href=\"https:\/\/semistaal.com\/de\/om-os\/\" \/>\n<meta property=\"og:locale\" content=\"de_DE\" \/>\n<meta property=\"og:type\" content=\"article\" \/>\n<meta property=\"og:title\" content=\"\u00dcber uns - SEMI STAAL A\/S\" \/>\n<meta property=\"og:description\" content=\"D\u00e4nisches Unternehmen, das Reinigungs- und Handhabungssysteme f\u00fcr die Lebensmittel-, Krankenhaus- und Pharmaindustrie entwickelt, produziert und installiert.\" \/>\n<meta property=\"og:url\" content=\"https:\/\/semistaal.com\/de\/om-os\/\" \/>\n<meta property=\"og:site_name\" content=\"SEMI STAAL A\/S\" \/>\n<meta property=\"article:modified_time\" content=\"2025-03-11T08:24:44+00:00\" \/>\n<meta name=\"twitter:card\" content=\"summary_large_image\" \/>\n<meta name=\"twitter:label1\" content=\"Gesch\u00e4tzte Lesezeit\" \/>\n\t<meta name=\"twitter:data1\" content=\"3\u00a0Minuten\" \/>\n<script type=\"application\/ld+json\" class=\"yoast-schema-graph\">{\"@context\":\"https:\\\/\\\/schema.org\",\"@graph\":[{\"@type\":\"WebPage\",\"@id\":\"https:\\\/\\\/semistaal.com\\\/de\\\/om-os\\\/\",\"url\":\"https:\\\/\\\/semistaal.com\\\/de\\\/om-os\\\/\",\"name\":\"\u00dcber uns - SEMI STAAL A\\\/S\",\"isPartOf\":{\"@id\":\"https:\\\/\\\/semistaal.com\\\/de\\\/#website\"},\"datePublished\":\"2025-02-27T09:33:54+00:00\",\"dateModified\":\"2025-03-11T08:24:44+00:00\",\"description\":\"D\u00e4nisches Unternehmen, das Reinigungs- und Handhabungssysteme f\u00fcr die Lebensmittel-, Krankenhaus- und Pharmaindustrie entwickelt, produziert und installiert.\",\"breadcrumb\":{\"@id\":\"https:\\\/\\\/semistaal.com\\\/de\\\/om-os\\\/#breadcrumb\"},\"inLanguage\":\"de\",\"potentialAction\":[{\"@type\":\"ReadAction\",\"target\":[\"https:\\\/\\\/semistaal.com\\\/de\\\/om-os\\\/\"]}]},{\"@type\":\"BreadcrumbList\",\"@id\":\"https:\\\/\\\/semistaal.com\\\/de\\\/om-os\\\/#breadcrumb\",\"itemListElement\":[{\"@type\":\"ListItem\",\"position\":1,\"name\":\"Home\",\"item\":\"https:\\\/\\\/semistaal.com\\\/de\\\/\"},{\"@type\":\"ListItem\",\"position\":2,\"name\":\"\u00dcber uns\"}]},{\"@type\":\"WebSite\",\"@id\":\"https:\\\/\\\/semistaal.com\\\/de\\\/#website\",\"url\":\"https:\\\/\\\/semistaal.com\\\/de\\\/\",\"name\":\"SEMI STAAL A\\\/S\",\"description\":\"Cleaning &amp; Automation\",\"potentialAction\":[{\"@type\":\"SearchAction\",\"target\":{\"@type\":\"EntryPoint\",\"urlTemplate\":\"https:\\\/\\\/semistaal.com\\\/de\\\/?s={search_term_string}\"},\"query-input\":{\"@type\":\"PropertyValueSpecification\",\"valueRequired\":true,\"valueName\":\"search_term_string\"}}],\"inLanguage\":\"de\"}]}<\/script>\n<!-- \/ Yoast SEO plugin. -->","yoast_head_json":{"title":"\u00dcber uns - SEMI STAAL A\/S","description":"D\u00e4nisches Unternehmen, das Reinigungs- und Handhabungssysteme f\u00fcr die Lebensmittel-, Krankenhaus- und Pharmaindustrie entwickelt, produziert und installiert.","robots":{"index":"index","follow":"follow","max-snippet":"max-snippet:-1","max-image-preview":"max-image-preview:large","max-video-preview":"max-video-preview:-1"},"canonical":"https:\/\/semistaal.com\/de\/om-os\/","og_locale":"de_DE","og_type":"article","og_title":"\u00dcber uns - SEMI STAAL A\/S","og_description":"D\u00e4nisches Unternehmen, das Reinigungs- und Handhabungssysteme f\u00fcr die Lebensmittel-, Krankenhaus- und Pharmaindustrie entwickelt, produziert und installiert.","og_url":"https:\/\/semistaal.com\/de\/om-os\/","og_site_name":"SEMI STAAL A\/S","article_modified_time":"2025-03-11T08:24:44+00:00","twitter_card":"summary_large_image","twitter_misc":{"Gesch\u00e4tzte Lesezeit":"3\u00a0Minuten"},"schema":{"@context":"https:\/\/schema.org","@graph":[{"@type":"WebPage","@id":"https:\/\/semistaal.com\/de\/om-os\/","url":"https:\/\/semistaal.com\/de\/om-os\/","name":"\u00dcber uns - SEMI STAAL A\/S","isPartOf":{"@id":"https:\/\/semistaal.com\/de\/#website"},"datePublished":"2025-02-27T09:33:54+00:00","dateModified":"2025-03-11T08:24:44+00:00","description":"D\u00e4nisches Unternehmen, das Reinigungs- und Handhabungssysteme f\u00fcr die Lebensmittel-, Krankenhaus- und Pharmaindustrie entwickelt, produziert und installiert.","breadcrumb":{"@id":"https:\/\/semistaal.com\/de\/om-os\/#breadcrumb"},"inLanguage":"de","potentialAction":[{"@type":"ReadAction","target":["https:\/\/semistaal.com\/de\/om-os\/"]}]},{"@type":"BreadcrumbList","@id":"https:\/\/semistaal.com\/de\/om-os\/#breadcrumb","itemListElement":[{"@type":"ListItem","position":1,"name":"Home","item":"https:\/\/semistaal.com\/de\/"},{"@type":"ListItem","position":2,"name":"\u00dcber uns"}]},{"@type":"WebSite","@id":"https:\/\/semistaal.com\/de\/#website","url":"https:\/\/semistaal.com\/de\/","name":"SEMI STAAL A\/S","description":"Cleaning &amp; Automation","potentialAction":[{"@type":"SearchAction","target":{"@type":"EntryPoint","urlTemplate":"https:\/\/semistaal.com\/de\/?s={search_term_string}"},"query-input":{"@type":"PropertyValueSpecification","valueRequired":true,"valueName":"search_term_string"}}],"inLanguage":"de"}]}},"_links":{"self":[{"href":"https:\/\/semistaal.com\/de\/wp-json\/wp\/v2\/pages\/9837","targetHints":{"allow":["GET"]}}],"collection":[{"href":"https:\/\/semistaal.com\/de\/wp-json\/wp\/v2\/pages"}],"about":[{"href":"https:\/\/semistaal.com\/de\/wp-json\/wp\/v2\/types\/page"}],"author":[{"embeddable":true,"href":"https:\/\/semistaal.com\/de\/wp-json\/wp\/v2\/users\/8"}],"replies":[{"embeddable":true,"href":"https:\/\/semistaal.com\/de\/wp-json\/wp\/v2\/comments?post=9837"}],"version-history":[{"count":0,"href":"https:\/\/semistaal.com\/de\/wp-json\/wp\/v2\/pages\/9837\/revisions"}],"wp:attachment":[{"href":"https:\/\/semistaal.com\/de\/wp-json\/wp\/v2\/media?parent=9837"}],"curies":[{"name":"wp","href":"https:\/\/api.w.org\/{rel}","templated":true}]}}