{"id":9822,"date":"2021-08-19T17:46:28","date_gmt":"2021-08-19T17:46:28","guid":{"rendered":"https:\/\/semistaal.com\/nyheder\/"},"modified":"2025-02-28T08:43:50","modified_gmt":"2025-02-28T08:43:50","slug":"neuigkeiten","status":"publish","type":"page","link":"https:\/\/semistaal.com\/de\/neuigkeiten\/","title":{"rendered":"Neuigkeiten"},"content":{"rendered":"<h1>Was gibt es Neues?<\/h1>\n<hr>\n<h2>Bau einer neuen Produktionshalle<\/h2>\n<div>\n<p><strong>Wir expandieren und bauen eine neue Produktionshalle in Helsing\u00f8r. Wir haben den ersten Spatenstich f\u00fcr mehr Platz gemacht und werden derzeit von Baggern besucht.<\/strong><\/p>\n<p>Aufgrund des j\u00fcngsten Auftragseingangs aus der Lebensmittelindustrie und dem Krankenhaussektor ist unsere bestehende Produktionshalle nicht mehr gro\u00df genug. Am 15. August wird die neue Halle mit zus\u00e4tzlichen 1000 m\u00b2 f\u00fcr die Produktion fertig sein, und \u00fcber der Halle werden wir neue Konten Fl\u00e4chen f\u00fcr mehr Arbeitspl\u00e4tze f\u00fcr neue Mitarbeiter haben. Verfolgen Sie die Bauarbeiten hier.<\/p>\n<\/div>\n<ul>\n<li>\n<p><img decoding=\"async\" src=\"\/wp-content\/uploads\/2023\/03\/Byggeri-6-marts-1-1.jpg\" alt=\"\"><\/p>\n<div>\n<p>06. marts, 2023<\/p>\n<\/div>\n<\/li>\n<li>\n<p><img decoding=\"async\" src=\"\/wp-content\/uploads\/2023\/03\/Byggeri-6-marts-3-1.jpg\" alt=\"\"><\/p>\n<div>\n<p>06. marts, 2023<\/p>\n<\/div>\n<\/li>\n<li>\n<p><img decoding=\"async\" src=\"\/wp-content\/uploads\/2023\/03\/Byggeri-15-03-2023.jpg\" alt=\"\"><\/p>\n<div>\n<p>15. marts, 2023<\/p>\n<\/div>\n<\/li>\n<li>\n<p><img decoding=\"async\" src=\"\/wp-content\/uploads\/2023\/03\/Byggeri-16-03-2023.jpg\" alt=\"\"><\/p>\n<div>\n<p>16. marts, 2023<\/p>\n<\/div>\n<\/li>\n<li>\n<p><img decoding=\"async\" src=\"\/wp-content\/uploads\/2023\/04\/Byggeri-12-april-1.jpg\" alt=\"\"><\/p>\n<div>\n<p>12. april, 2023<\/p>\n<\/div>\n<\/li>\n<li>\n<p><img decoding=\"async\" src=\"\/wp-content\/uploads\/2023\/04\/Byggeri-17-april-1.jpg\" alt=\"\"><\/p>\n<div>\n<p><span>17. april, 2023<\/span><\/p>\n<\/div>\n<\/li>\n<li>\n<p><img decoding=\"async\" src=\"\/wp-content\/uploads\/2023\/05\/Byggeri-09-maj-1.jpg\" alt=\"\"><\/p>\n<div>\n<p><span>09. maj, 2023<\/span><\/p>\n<\/div>\n<\/li>\n<li>\n<p><img decoding=\"async\" src=\"\/wp-content\/uploads\/2023\/05\/Byggeri-12-maj-2.jpg\" alt=\"\"><\/p>\n<div>\n<p><span>12. maj, 2023<\/span><\/p>\n<\/div>\n<\/li>\n<li>\n<p><img decoding=\"async\" src=\"\/wp-content\/uploads\/2023\/08\/Byggeri-12-juni-2.jpg\" alt=\"\"><\/p>\n<div>\n<p>12. juni, 2023<\/p>\n<\/div>\n<\/li>\n<li>\n<p><img decoding=\"async\" src=\"\/wp-content\/uploads\/2023\/08\/Byggeri-1-august-1.jpg\" alt=\"\"><\/p>\n<div>\n<p>01. august, 2023<\/p>\n<\/div>\n<\/li>\n<\/ul>\n<div>\n<\/div>\n<p><!--more--><br \/>\n<!-- {\"type\":\"layout\",\"children\":[{\"type\":\"section\",\"props\":{\"image_position\":\"center-center\",\"padding\":\"large\",\"padding_remove_bottom\":true,\"style\":\"muted\",\"title_breakpoint\":\"xl\",\"title_position\":\"top-left\",\"title_rotation\":\"left\",\"vertical_align\":\"middle\",\"width\":\"default\"},\"children\":[{\"type\":\"row\",\"children\":[{\"type\":\"column\",\"props\":{\"image_position\":\"center-center\",\"position_sticky_breakpoint\":\"m\"},\"children\":[{\"type\":\"headline\",\"props\":{\"content\":\"Was gibt es Neues?\",\"margin\":\"default\",\"text_align\":\"left\",\"title_element\":\"h1\",\"title_style\":\"h1\"}},{\"type\":\"divider\",\"props\":{\"css\":\".uk-divider {\\nbackground-image: 5px!important;\\n}\",\"divider_element\":\"hr\"}}]}]}],\"name\":\"Latest Posts Gitte\"},{\"type\":\"section\",\"props\":{\"image_position\":\"center-center\",\"style\":\"default\",\"title_breakpoint\":\"xl\",\"title_position\":\"top-left\",\"title_rotation\":\"left\",\"vertical_align\":\"middle\",\"width\":\"default\"},\"children\":[{\"type\":\"row\",\"children\":[{\"type\":\"column\",\"props\":{\"image_position\":\"center-center\",\"position_sticky_breakpoint\":\"m\"},\"children\":[{\"type\":\"headline\",\"props\":{\"content\":\"Bau einer neuen Produktionshalle\",\"title_element\":\"h2\",\"title_style\":\"h2\"}},{\"type\":\"text\",\"props\":{\"column_breakpoint\":\"m\",\"content\":\"\n\n<p><strong>Wir expandieren und bauen eine neue Produktionshalle in Helsing\\u00f8r. Wir haben den ersten Spatenstich f\\u00fcr mehr Platz gemacht und werden derzeit von Baggern besucht.<\\\/strong><\\\/p>\\n\n\n<p>Aufgrund des j\\u00fcngsten Auftragseingangs aus der Lebensmittelindustrie und dem Krankenhaussektor ist unsere bestehende Produktionshalle nicht mehr gro\\u00df genug. Am 15. August wird die neue Halle mit zus\\u00e4tzlichen 1000 m\\u00b2 f\\u00fcr die Produktion fertig sein, und \\u00fcber der Halle werden wir neue Konten Fl\\u00e4chen f\\u00fcr mehr Arbeitspl\\u00e4tze f\\u00fcr neue Mitarbeiter haben. Verfolgen Sie die Bauarbeiten hier.<\\\/p>\",\"margin\":\"default\"}},{\"type\":\"panel-slider\",\"props\":{\"content_column_breakpoint\":\"m\",\"icon_width\":80,\"image_align\":\"top\",\"image_grid_breakpoint\":\"m\",\"image_grid_width\":\"1-2\",\"image_svg_color\":\"emphasis\",\"link_style\":\"default\",\"link_text\":\"Read more\",\"margin\":\"default\",\"meta_align\":\"below-title\",\"meta_element\":\"div\",\"meta_style\":\"text-meta\",\"nav\":\"dotnav\",\"nav_align\":\"center\",\"nav_breakpoint\":\"\",\"panel_link\":false,\"panel_match\":true,\"show_content\":true,\"show_image\":true,\"show_link\":true,\"show_meta\":true,\"show_title\":true,\"slidenav\":\"outside\",\"slidenav_breakpoint\":\"xl\",\"slidenav_margin\":\"medium\",\"slidenav_outside_breakpoint\":\"xl\",\"slider_autoplay_pause\":true,\"slider_center\":false,\"slider_finite\":true,\"slider_gap\":\"default\",\"slider_sets\":true,\"slider_width\":\"fixed\",\"slider_width_default\":\"1-1\",\"slider_width_medium\":\"1-2\",\"title_align\":\"top\",\"title_element\":\"h3\",\"title_grid_breakpoint\":\"m\",\"title_grid_width\":\"1-2\",\"title_hover_style\":\"reset\"},\"children\":[{\"type\":\"panel-slider_item\",\"props\":{\"content\":\"\n\n<p>06. marts, 2023<\\\/p>\",\"image\":\"wp-content\\\/uploads\\\/2023\\\/03\\\/Byggeri-6-marts-1-1.jpg\"}},{\"type\":\"panel-slider_item\",\"props\":{\"content\":\"\n\n<p>06. marts, 2023<\\\/p>\",\"image\":\"wp-content\\\/uploads\\\/2023\\\/03\\\/Byggeri-6-marts-3-1.jpg\"}},{\"type\":\"panel-slider_item\",\"props\":{\"content\":\"\n\n<p>15. marts, 2023<\\\/p>\",\"image\":\"wp-content\\\/uploads\\\/2023\\\/03\\\/Byggeri-15-03-2023.jpg\",\"title\":\"\"}},{\"type\":\"panel-slider_item\",\"props\":{\"content\":\"\n\n<p>16. marts, 2023<\\\/p>\",\"image\":\"wp-content\\\/uploads\\\/2023\\\/03\\\/Byggeri-16-03-2023.jpg\"}},{\"type\":\"panel-slider_item\",\"props\":{\"content\":\"\n\n<p>12. april, 2023<\\\/p>\",\"image\":\"wp-content\\\/uploads\\\/2023\\\/04\\\/Byggeri-12-april-1.jpg\"}},{\"type\":\"panel-slider_item\",\"props\":{\"content\":\"\n\n<p><span>17. april, 2023<\\\/span><\\\/p>\",\"image\":\"wp-content\\\/uploads\\\/2023\\\/04\\\/Byggeri-17-april-1.jpg\"}},{\"type\":\"panel-slider_item\",\"props\":{\"content\":\"\n\n<p><span>09. maj, 2023<\\\/span><\\\/p>\",\"image\":\"wp-content\\\/uploads\\\/2023\\\/05\\\/Byggeri-09-maj-1.jpg\"}},{\"type\":\"panel-slider_item\",\"props\":{\"content\":\"\n\n<p><span>12. maj, 2023<\\\/span><\\\/p>\",\"image\":\"wp-content\\\/uploads\\\/2023\\\/05\\\/Byggeri-12-maj-2.jpg\"}},{\"type\":\"panel-slider_item\",\"props\":{\"content\":\"\n\n<p>12. juni, 2023<\\\/p>\",\"image\":\"wp-content\\\/uploads\\\/2023\\\/08\\\/Byggeri-12-juni-2.jpg\"}},{\"type\":\"panel-slider_item\",\"props\":{\"content\":\"\n\n<p>01. august, 2023<\\\/p>\",\"image\":\"wp-content\\\/uploads\\\/2023\\\/08\\\/Byggeri-1-august-1.jpg\"}}]}]}]}]},{\"type\":\"section\",\"props\":{\"image_position\":\"center-center\",\"padding_remove_top\":false,\"style\":\"muted\",\"title_breakpoint\":\"xl\",\"title_position\":\"top-left\",\"title_rotation\":\"left\",\"vertical_align\":\"middle\",\"width\":\"default\"},\"children\":[{\"type\":\"row\",\"children\":[{\"type\":\"column\",\"props\":{\"image_position\":\"center-center\",\"position_sticky_breakpoint\":\"m\"},\"children\":[{\"type\":\"grid\",\"props\":{\"block_align\":\"center\",\"content_column_breakpoint\":\"m\",\"css\":\"@media (max-width: 959px) {\\n\\t.el-element > * > :nth-child(3n+0) { display: none; }\\n}\",\"filter\":true,\"filter_align\":\"left\",\"filter_all\":false,\"filter_grid_breakpoint\":\"m\",\"filter_grid_width\":\"auto\",\"filter_position\":\"top\",\"filter_style\":\"subnav-divider\",\"grid_default\":\"1\",\"grid_medium\":\"3\",\"grid_small\":\"2\",\"icon_width\":80,\"image_align\":\"top\",\"image_grid_breakpoint\":\"m\",\"image_grid_width\":\"1-2\",\"image_svg_color\":\"emphasis\",\"image_width\":\"610\",\"item_animation\":true,\"lightbox\":false,\"link_fullwidth\":false,\"link_style\":\"text\",\"link_text\":\"L\\u00e6s mere\",\"margin\":\"default\",\"meta_align\":\"above-title\",\"meta_color\":\"muted\",\"meta_element\":\"div\",\"meta_style\":\"text-meta\",\"panel_image_no_padding\":true,\"panel_link\":true,\"panel_padding\":\"default\",\"panel_style\":\"card-secondary\",\"parallax_easing\":\"1\",\"show_content\":true,\"show_image\":true,\"show_link\":true,\"show_meta\":true,\"show_title\":true,\"text_align\":\"center\",\"title_align\":\"top\",\"title_element\":\"h4\",\"title_grid_breakpoint\":\"m\",\"title_grid_width\":\"1-2\",\"title_hover_style\":\"reset\",\"title_link\":true,\"title_style\":\"h4\"},\"children\":[{\"type\":\"grid_item\",\"props\":{\"content\":\"\"},\"source\":{\"query\":{\"name\":\"posts.customPosts\",\"arguments\":{\"terms\":[2],\"category_operator\":\"IN\",\"post_tag_operator\":\"IN\",\"users\":[],\"users_operator\":\"IN\",\"offset\":0,\"limit\":10,\"order\":\"date\",\"order_direction\":\"DESC\"}},\"props\":{\"title\":{\"filters\":{\"search\":\"\"},\"name\":\"title\"},\"link\":{\"name\":\"link\"},\"image\":{\"filters\":{\"search\":\"\"},\"name\":\"featuredImage.url\"},\"meta\":{\"filters\":{\"search\":\"\",\"date\":\"d F, Y\"},\"name\":\"date\"},\"tags\":{\"filters\":{\"search\":\"\"},\"arguments\":{\"separator\":\", \",\"show_link\":true,\"link_style\":\"\"},\"name\":\"categoryString\"}}}}]}]}]}],\"name\":\"Latest Posts Gitte\"},{\"type\":\"section\",\"props\":{\"image_position\":\"center-center\",\"style\":\"muted\",\"title_breakpoint\":\"xl\",\"title_position\":\"top-left\",\"title_rotation\":\"left\",\"vertical_align\":\"middle\",\"width\":\"default\"},\"children\":[{\"type\":\"row\",\"children\":[{\"type\":\"column\",\"props\":{\"image_position\":\"center-center\",\"position_sticky_breakpoint\":\"m\"}}]}]}],\"version\":\"4.3.5\",\"yooessentialsVersion\":\"2.0.12\"} --><\/p>\n","protected":false},"excerpt":{"rendered":"<p>Was gibt es Neues? Bau einer neuen Produktionshalle Wir expandieren und bauen eine neue Produktionshalle in Helsing\u00f8r. Wir haben den ersten Spatenstich f\u00fcr mehr Platz gemacht und werden derzeit von Baggern besucht. Aufgrund des j\u00fcngsten Auftragseingangs aus der Lebensmittelindustrie und dem Krankenhaussektor ist unsere bestehende Produktionshalle nicht mehr gro\u00df genug. Am 15. August wird die [&hellip;]<\/p>\n","protected":false},"author":8,"featured_media":0,"parent":0,"menu_order":0,"comment_status":"closed","ping_status":"closed","template":"","meta":{"footnotes":""},"class_list":["post-9822","page","type-page","status-publish","hentry"],"yoast_head":"<!-- This site is optimized with the Yoast SEO plugin v27.4 - https:\/\/yoast.com\/product\/yoast-seo-wordpress\/ -->\n<title>Neuigkeiten - SEMI STAAL A\/S<\/title>\n<meta name=\"description\" content=\"Lesen Sie die neuesten Nachrichten von SEMI STAAL \u00fcber unsere individuell angepassten Waschsysteme f\u00fcr die Lebensmittel-, Krankenhaus- und Pharmaindustrie.\" \/>\n<meta name=\"robots\" content=\"index, follow, max-snippet:-1, max-image-preview:large, max-video-preview:-1\" \/>\n<link rel=\"canonical\" href=\"https:\/\/semistaal.com\/de\/neuigkeiten\/\" \/>\n<meta property=\"og:locale\" content=\"de_DE\" \/>\n<meta property=\"og:type\" content=\"article\" \/>\n<meta property=\"og:title\" content=\"Neuigkeiten - SEMI STAAL A\/S\" \/>\n<meta property=\"og:description\" content=\"Lesen Sie die neuesten Nachrichten von SEMI STAAL \u00fcber unsere individuell angepassten Waschsysteme f\u00fcr die Lebensmittel-, Krankenhaus- und Pharmaindustrie.\" \/>\n<meta property=\"og:url\" content=\"https:\/\/semistaal.com\/de\/neuigkeiten\/\" \/>\n<meta property=\"og:site_name\" content=\"SEMI STAAL A\/S\" \/>\n<meta property=\"article:modified_time\" content=\"2025-02-28T08:43:50+00:00\" \/>\n<meta name=\"twitter:card\" content=\"summary_large_image\" \/>\n<meta name=\"twitter:label1\" content=\"Gesch\u00e4tzte Lesezeit\" \/>\n\t<meta name=\"twitter:data1\" content=\"3\u00a0Minuten\" \/>\n<script type=\"application\/ld+json\" class=\"yoast-schema-graph\">{\"@context\":\"https:\\\/\\\/schema.org\",\"@graph\":[{\"@type\":\"WebPage\",\"@id\":\"https:\\\/\\\/semistaal.com\\\/de\\\/neuigkeiten\\\/\",\"url\":\"https:\\\/\\\/semistaal.com\\\/de\\\/neuigkeiten\\\/\",\"name\":\"Neuigkeiten - SEMI STAAL A\\\/S\",\"isPartOf\":{\"@id\":\"https:\\\/\\\/semistaal.com\\\/de\\\/#website\"},\"datePublished\":\"2021-08-19T17:46:28+00:00\",\"dateModified\":\"2025-02-28T08:43:50+00:00\",\"description\":\"Lesen Sie die neuesten Nachrichten von SEMI STAAL \u00fcber unsere individuell angepassten Waschsysteme f\u00fcr die Lebensmittel-, Krankenhaus- und Pharmaindustrie.\",\"breadcrumb\":{\"@id\":\"https:\\\/\\\/semistaal.com\\\/de\\\/neuigkeiten\\\/#breadcrumb\"},\"inLanguage\":\"de\",\"potentialAction\":[{\"@type\":\"ReadAction\",\"target\":[\"https:\\\/\\\/semistaal.com\\\/de\\\/neuigkeiten\\\/\"]}]},{\"@type\":\"BreadcrumbList\",\"@id\":\"https:\\\/\\\/semistaal.com\\\/de\\\/neuigkeiten\\\/#breadcrumb\",\"itemListElement\":[{\"@type\":\"ListItem\",\"position\":1,\"name\":\"Home\",\"item\":\"https:\\\/\\\/semistaal.com\\\/de\\\/\"},{\"@type\":\"ListItem\",\"position\":2,\"name\":\"Neuigkeiten\"}]},{\"@type\":\"WebSite\",\"@id\":\"https:\\\/\\\/semistaal.com\\\/de\\\/#website\",\"url\":\"https:\\\/\\\/semistaal.com\\\/de\\\/\",\"name\":\"SEMI STAAL A\\\/S\",\"description\":\"Cleaning &amp; Automation\",\"potentialAction\":[{\"@type\":\"SearchAction\",\"target\":{\"@type\":\"EntryPoint\",\"urlTemplate\":\"https:\\\/\\\/semistaal.com\\\/de\\\/?s={search_term_string}\"},\"query-input\":{\"@type\":\"PropertyValueSpecification\",\"valueRequired\":true,\"valueName\":\"search_term_string\"}}],\"inLanguage\":\"de\"}]}<\/script>\n<!-- \/ Yoast SEO plugin. -->","yoast_head_json":{"title":"Neuigkeiten - SEMI STAAL A\/S","description":"Lesen Sie die neuesten Nachrichten von SEMI STAAL \u00fcber unsere individuell angepassten Waschsysteme f\u00fcr die Lebensmittel-, Krankenhaus- und Pharmaindustrie.","robots":{"index":"index","follow":"follow","max-snippet":"max-snippet:-1","max-image-preview":"max-image-preview:large","max-video-preview":"max-video-preview:-1"},"canonical":"https:\/\/semistaal.com\/de\/neuigkeiten\/","og_locale":"de_DE","og_type":"article","og_title":"Neuigkeiten - SEMI STAAL A\/S","og_description":"Lesen Sie die neuesten Nachrichten von SEMI STAAL \u00fcber unsere individuell angepassten Waschsysteme f\u00fcr die Lebensmittel-, Krankenhaus- und Pharmaindustrie.","og_url":"https:\/\/semistaal.com\/de\/neuigkeiten\/","og_site_name":"SEMI STAAL A\/S","article_modified_time":"2025-02-28T08:43:50+00:00","twitter_card":"summary_large_image","twitter_misc":{"Gesch\u00e4tzte Lesezeit":"3\u00a0Minuten"},"schema":{"@context":"https:\/\/schema.org","@graph":[{"@type":"WebPage","@id":"https:\/\/semistaal.com\/de\/neuigkeiten\/","url":"https:\/\/semistaal.com\/de\/neuigkeiten\/","name":"Neuigkeiten - SEMI STAAL A\/S","isPartOf":{"@id":"https:\/\/semistaal.com\/de\/#website"},"datePublished":"2021-08-19T17:46:28+00:00","dateModified":"2025-02-28T08:43:50+00:00","description":"Lesen Sie die neuesten Nachrichten von SEMI STAAL \u00fcber unsere individuell angepassten Waschsysteme f\u00fcr die Lebensmittel-, Krankenhaus- und Pharmaindustrie.","breadcrumb":{"@id":"https:\/\/semistaal.com\/de\/neuigkeiten\/#breadcrumb"},"inLanguage":"de","potentialAction":[{"@type":"ReadAction","target":["https:\/\/semistaal.com\/de\/neuigkeiten\/"]}]},{"@type":"BreadcrumbList","@id":"https:\/\/semistaal.com\/de\/neuigkeiten\/#breadcrumb","itemListElement":[{"@type":"ListItem","position":1,"name":"Home","item":"https:\/\/semistaal.com\/de\/"},{"@type":"ListItem","position":2,"name":"Neuigkeiten"}]},{"@type":"WebSite","@id":"https:\/\/semistaal.com\/de\/#website","url":"https:\/\/semistaal.com\/de\/","name":"SEMI STAAL A\/S","description":"Cleaning &amp; Automation","potentialAction":[{"@type":"SearchAction","target":{"@type":"EntryPoint","urlTemplate":"https:\/\/semistaal.com\/de\/?s={search_term_string}"},"query-input":{"@type":"PropertyValueSpecification","valueRequired":true,"valueName":"search_term_string"}}],"inLanguage":"de"}]}},"_links":{"self":[{"href":"https:\/\/semistaal.com\/de\/wp-json\/wp\/v2\/pages\/9822","targetHints":{"allow":["GET"]}}],"collection":[{"href":"https:\/\/semistaal.com\/de\/wp-json\/wp\/v2\/pages"}],"about":[{"href":"https:\/\/semistaal.com\/de\/wp-json\/wp\/v2\/types\/page"}],"author":[{"embeddable":true,"href":"https:\/\/semistaal.com\/de\/wp-json\/wp\/v2\/users\/8"}],"replies":[{"embeddable":true,"href":"https:\/\/semistaal.com\/de\/wp-json\/wp\/v2\/comments?post=9822"}],"version-history":[{"count":0,"href":"https:\/\/semistaal.com\/de\/wp-json\/wp\/v2\/pages\/9822\/revisions"}],"wp:attachment":[{"href":"https:\/\/semistaal.com\/de\/wp-json\/wp\/v2\/media?parent=9822"}],"curies":[{"name":"wp","href":"https:\/\/api.w.org\/{rel}","templated":true}]}}