{"id":9809,"date":"2023-02-21T10:36:44","date_gmt":"2023-02-21T10:36:44","guid":{"rendered":"https:\/\/semistaal.com\/corporate-social-responsibility-csr\/"},"modified":"2025-02-27T10:07:44","modified_gmt":"2025-02-27T10:07:44","slug":"corporate-social-responsibility-csr","status":"publish","type":"page","link":"https:\/\/semistaal.com\/de\/corporate-social-responsibility-csr\/","title":{"rendered":"Corporate Social Responsibility (CSR)"},"content":{"rendered":"<h1>Soziale Verantwortung der Unternehmen (CSR)<\/h1>\n<hr>\n<div>\n<p>SEMI STAALs Politik der sozialen Verantwortung des Unternehmens (CSR) und der Nachhaltigkeit. Diese Politik basiert auf der \u00dcberzeugung des Unternehmens, dass es eine Verantwortung hat, zum Wohlergehen der Gesellschaft und der Umwelt beizutragen und dies auf verantwortungsvolle und transparente Weise zu tun.<\/p>\n<p>Die Richtlinie gilt f\u00fcr alle Mitarbeiter und Angestellten von SEMI STAAL und deckt alle Gesch\u00e4ftsaktivit\u00e4ten und T\u00e4tigkeiten des Unternehmens ab. Der CEO und der Vorstand sind daf\u00fcr verantwortlich, dass diese Richtlinie eingehalten wird.<\/p>\n<p>SEMI STAAL wird seine Leistung bei der Erf\u00fcllung seiner CSR-Verpflichtungen und -Ziele \u00fcberwachen, indem wir im Jahr 2023 Daten \u00fcber den CO2-Fu\u00dfabdruck, den Energieverbrauch und das Abfallaufkommen sammeln und regelm\u00e4\u00dfige Audits bei Lieferanten, Auftragnehmern und Mitarbeitern durchf\u00fchren, um die Einhaltung des Verhaltenskodex von SEMI STAAL sicherzustellen. Im Jahr 2024 werden wir im Jahresbericht und auf der Unternehmenswebsite \u00fcber unsere CSR-Leistungen berichten.<\/p>\n<p>Um seine CSR-Verpflichtungen und -Ziele zu erf\u00fcllen, wird das Unternehmen eine Reihe von Ma\u00dfnahmen und Initiativen ergreifen, darunter die Durchf\u00fchrung von Energieaudits, die Installation von Solarzellen an seinen Standorten, die Umsetzung eines Programms f\u00fcr eine nachhaltige Lieferkette und die Zusammenarbeit mit lokalen Wohlt\u00e4tigkeitsorganisationen und gemeinn\u00fctzigen Einrichtungen zur Unterst\u00fctzung der Entwicklung der Gemeinden.<\/p>\n<p>Zu den Stakeholdern des Unternehmens geh\u00f6ren Mitarbeiter, Kunden und Klienten, Aktion\u00e4re, Beh\u00f6rden und Regulierungsstellen, Lieferanten und Auftragnehmer. Das Unternehmen verpflichtet sich zu einem transparenten und offenen Umgang mit seinen Stakeholdern und ist bestrebt, deren Anliegen und Ansichten zu verstehen und darauf einzugehen.<\/p>\n<\/div>\n<p><!--more--><br \/>\n<!-- {\"type\":\"layout\",\"children\":[{\"type\":\"section\",\"props\":{\"image_position\":\"center-center\",\"padding\":\"large\",\"padding_remove_bottom\":true,\"style\":\"muted\",\"title_breakpoint\":\"xl\",\"title_position\":\"top-left\",\"title_rotation\":\"left\",\"vertical_align\":\"middle\",\"width\":\"default\"},\"children\":[{\"type\":\"row\",\"children\":[{\"type\":\"column\",\"props\":{\"image_position\":\"center-center\",\"position_sticky_breakpoint\":\"m\"},\"children\":[{\"type\":\"headline\",\"props\":{\"content\":\"Soziale Verantwortung der Unternehmen (CSR)\",\"css\":\"@media (max-width: 640px) { \\n    .el-element {\\nfont-size:30px;\\n    }\\n}\",\"title_element\":\"h1\"}},{\"type\":\"divider\",\"props\":{\"divider_element\":\"hr\",\"divider_style\":\"icon\"}}]}]}],\"name\":\"Kontakt headline + divider\"},{\"type\":\"section\",\"props\":{\"image_position\":\"center-center\",\"style\":\"muted\",\"title_breakpoint\":\"xl\",\"title_position\":\"top-left\",\"title_rotation\":\"left\",\"vertical_align\":\"middle\",\"width\":\"default\"},\"children\":[{\"type\":\"row\",\"children\":[{\"type\":\"column\",\"props\":{\"image_position\":\"center-center\",\"position_sticky_breakpoint\":\"m\"},\"children\":[{\"type\":\"text\",\"props\":{\"column_breakpoint\":\"m\",\"content\":\"\n\n<p>SEMI STAALs Politik der sozialen Verantwortung des Unternehmens (CSR) und der Nachhaltigkeit. Diese Politik basiert auf der \\u00dcberzeugung des Unternehmens, dass es eine Verantwortung hat, zum Wohlergehen der Gesellschaft und der Umwelt beizutragen und dies auf verantwortungsvolle und transparente Weise zu tun.<\\\/p>\\n\n\n<p>Die Richtlinie gilt f\\u00fcr alle Mitarbeiter und Angestellten von SEMI STAAL und deckt alle Gesch\\u00e4ftsaktivit\\u00e4ten und T\\u00e4tigkeiten des Unternehmens ab. Der CEO und der Vorstand sind daf\\u00fcr verantwortlich, dass diese Richtlinie eingehalten wird.<\\\/p>\\n\n\n<p>SEMI STAAL wird seine Leistung bei der Erf\\u00fcllung seiner CSR-Verpflichtungen und -Ziele \\u00fcberwachen, indem wir im Jahr 2023 Daten \\u00fcber den CO2-Fu\\u00dfabdruck, den Energieverbrauch und das Abfallaufkommen sammeln und regelm\\u00e4\\u00dfige Audits bei Lieferanten, Auftragnehmern und Mitarbeitern durchf\\u00fchren, um die Einhaltung des Verhaltenskodex von SEMI STAAL sicherzustellen. Im Jahr 2024 werden wir im Jahresbericht und auf der Unternehmenswebsite \\u00fcber unsere CSR-Leistungen berichten.<\\\/p>\\n\n\n<p>Um seine CSR-Verpflichtungen und -Ziele zu erf\\u00fcllen, wird das Unternehmen eine Reihe von Ma\\u00dfnahmen und Initiativen ergreifen, darunter die Durchf\\u00fchrung von Energieaudits, die Installation von Solarzellen an seinen Standorten, die Umsetzung eines Programms f\\u00fcr eine nachhaltige Lieferkette und die Zusammenarbeit mit lokalen Wohlt\\u00e4tigkeitsorganisationen und gemeinn\\u00fctzigen Einrichtungen zur Unterst\\u00fctzung der Entwicklung der Gemeinden.<\\\/p>\\n\n\n<p>Zu den Stakeholdern des Unternehmens geh\\u00f6ren Mitarbeiter, Kunden und Klienten, Aktion\\u00e4re, Beh\\u00f6rden und Regulierungsstellen, Lieferanten und Auftragnehmer. Das Unternehmen verpflichtet sich zu einem transparenten und offenen Umgang mit seinen Stakeholdern und ist bestrebt, deren Anliegen und Ansichten zu verstehen und darauf einzugehen.<\\\/p>\",\"margin\":\"default\"}}]}]}]}],\"version\":\"4.3.5\",\"yooessentialsVersion\":\"1.9.3\"} --><\/p>\n","protected":false},"excerpt":{"rendered":"<p>Soziale Verantwortung der Unternehmen (CSR) SEMI STAALs Politik der sozialen Verantwortung des Unternehmens (CSR) und der Nachhaltigkeit. Diese Politik basiert auf der \u00dcberzeugung des Unternehmens, dass es eine Verantwortung hat, zum Wohlergehen der Gesellschaft und der Umwelt beizutragen und dies auf verantwortungsvolle und transparente Weise zu tun. Die Richtlinie gilt f\u00fcr alle Mitarbeiter und Angestellten [&hellip;]<\/p>\n","protected":false},"author":8,"featured_media":0,"parent":0,"menu_order":0,"comment_status":"closed","ping_status":"closed","template":"","meta":{"footnotes":""},"class_list":["post-9809","page","type-page","status-publish","hentry"],"yoast_head":"<!-- This site is optimized with the Yoast SEO plugin v27.3 - https:\/\/yoast.com\/product\/yoast-seo-wordpress\/ -->\n<title>Corporate Social Responsibility (CSR) - SEMI STAAL A\/S<\/title>\n<meta name=\"robots\" content=\"index, follow, max-snippet:-1, max-image-preview:large, max-video-preview:-1\" \/>\n<link rel=\"canonical\" href=\"https:\/\/semistaal.com\/de\/corporate-social-responsibility-csr\/\" \/>\n<meta property=\"og:locale\" content=\"de_DE\" \/>\n<meta property=\"og:type\" content=\"article\" \/>\n<meta property=\"og:title\" content=\"Corporate Social Responsibility (CSR) - SEMI STAAL A\/S\" \/>\n<meta property=\"og:description\" content=\"Soziale Verantwortung der Unternehmen (CSR) SEMI STAALs Politik der sozialen Verantwortung des Unternehmens (CSR) und der Nachhaltigkeit. Diese Politik basiert auf der \u00dcberzeugung des Unternehmens, dass es eine Verantwortung hat, zum Wohlergehen der Gesellschaft und der Umwelt beizutragen und dies auf verantwortungsvolle und transparente Weise zu tun. Die Richtlinie gilt f\u00fcr alle Mitarbeiter und Angestellten [&hellip;]\" \/>\n<meta property=\"og:url\" content=\"https:\/\/semistaal.com\/de\/corporate-social-responsibility-csr\/\" \/>\n<meta property=\"og:site_name\" content=\"SEMI STAAL A\/S\" \/>\n<meta property=\"article:modified_time\" content=\"2025-02-27T10:07:44+00:00\" \/>\n<meta name=\"twitter:card\" content=\"summary_large_image\" \/>\n<meta name=\"twitter:label1\" content=\"Gesch\u00e4tzte Lesezeit\" \/>\n\t<meta name=\"twitter:data1\" content=\"3\u00a0Minuten\" \/>\n<script type=\"application\/ld+json\" class=\"yoast-schema-graph\">{\"@context\":\"https:\\\/\\\/schema.org\",\"@graph\":[{\"@type\":\"WebPage\",\"@id\":\"https:\\\/\\\/semistaal.com\\\/de\\\/corporate-social-responsibility-csr\\\/\",\"url\":\"https:\\\/\\\/semistaal.com\\\/de\\\/corporate-social-responsibility-csr\\\/\",\"name\":\"Corporate Social Responsibility (CSR) - SEMI STAAL A\\\/S\",\"isPartOf\":{\"@id\":\"https:\\\/\\\/semistaal.com\\\/de\\\/#website\"},\"datePublished\":\"2023-02-21T10:36:44+00:00\",\"dateModified\":\"2025-02-27T10:07:44+00:00\",\"breadcrumb\":{\"@id\":\"https:\\\/\\\/semistaal.com\\\/de\\\/corporate-social-responsibility-csr\\\/#breadcrumb\"},\"inLanguage\":\"de\",\"potentialAction\":[{\"@type\":\"ReadAction\",\"target\":[\"https:\\\/\\\/semistaal.com\\\/de\\\/corporate-social-responsibility-csr\\\/\"]}]},{\"@type\":\"BreadcrumbList\",\"@id\":\"https:\\\/\\\/semistaal.com\\\/de\\\/corporate-social-responsibility-csr\\\/#breadcrumb\",\"itemListElement\":[{\"@type\":\"ListItem\",\"position\":1,\"name\":\"Home\",\"item\":\"https:\\\/\\\/semistaal.com\\\/de\\\/\"},{\"@type\":\"ListItem\",\"position\":2,\"name\":\"Corporate Social Responsibility (CSR)\"}]},{\"@type\":\"WebSite\",\"@id\":\"https:\\\/\\\/semistaal.com\\\/de\\\/#website\",\"url\":\"https:\\\/\\\/semistaal.com\\\/de\\\/\",\"name\":\"SEMI STAAL A\\\/S\",\"description\":\"Cleaning &amp; Automation\",\"potentialAction\":[{\"@type\":\"SearchAction\",\"target\":{\"@type\":\"EntryPoint\",\"urlTemplate\":\"https:\\\/\\\/semistaal.com\\\/de\\\/?s={search_term_string}\"},\"query-input\":{\"@type\":\"PropertyValueSpecification\",\"valueRequired\":true,\"valueName\":\"search_term_string\"}}],\"inLanguage\":\"de\"}]}<\/script>\n<!-- \/ Yoast SEO plugin. -->","yoast_head_json":{"title":"Corporate Social Responsibility (CSR) - SEMI STAAL A\/S","robots":{"index":"index","follow":"follow","max-snippet":"max-snippet:-1","max-image-preview":"max-image-preview:large","max-video-preview":"max-video-preview:-1"},"canonical":"https:\/\/semistaal.com\/de\/corporate-social-responsibility-csr\/","og_locale":"de_DE","og_type":"article","og_title":"Corporate Social Responsibility (CSR) - SEMI STAAL A\/S","og_description":"Soziale Verantwortung der Unternehmen (CSR) SEMI STAALs Politik der sozialen Verantwortung des Unternehmens (CSR) und der Nachhaltigkeit. Diese Politik basiert auf der \u00dcberzeugung des Unternehmens, dass es eine Verantwortung hat, zum Wohlergehen der Gesellschaft und der Umwelt beizutragen und dies auf verantwortungsvolle und transparente Weise zu tun. Die Richtlinie gilt f\u00fcr alle Mitarbeiter und Angestellten [&hellip;]","og_url":"https:\/\/semistaal.com\/de\/corporate-social-responsibility-csr\/","og_site_name":"SEMI STAAL A\/S","article_modified_time":"2025-02-27T10:07:44+00:00","twitter_card":"summary_large_image","twitter_misc":{"Gesch\u00e4tzte Lesezeit":"3\u00a0Minuten"},"schema":{"@context":"https:\/\/schema.org","@graph":[{"@type":"WebPage","@id":"https:\/\/semistaal.com\/de\/corporate-social-responsibility-csr\/","url":"https:\/\/semistaal.com\/de\/corporate-social-responsibility-csr\/","name":"Corporate Social Responsibility (CSR) - SEMI STAAL A\/S","isPartOf":{"@id":"https:\/\/semistaal.com\/de\/#website"},"datePublished":"2023-02-21T10:36:44+00:00","dateModified":"2025-02-27T10:07:44+00:00","breadcrumb":{"@id":"https:\/\/semistaal.com\/de\/corporate-social-responsibility-csr\/#breadcrumb"},"inLanguage":"de","potentialAction":[{"@type":"ReadAction","target":["https:\/\/semistaal.com\/de\/corporate-social-responsibility-csr\/"]}]},{"@type":"BreadcrumbList","@id":"https:\/\/semistaal.com\/de\/corporate-social-responsibility-csr\/#breadcrumb","itemListElement":[{"@type":"ListItem","position":1,"name":"Home","item":"https:\/\/semistaal.com\/de\/"},{"@type":"ListItem","position":2,"name":"Corporate Social Responsibility (CSR)"}]},{"@type":"WebSite","@id":"https:\/\/semistaal.com\/de\/#website","url":"https:\/\/semistaal.com\/de\/","name":"SEMI STAAL A\/S","description":"Cleaning &amp; Automation","potentialAction":[{"@type":"SearchAction","target":{"@type":"EntryPoint","urlTemplate":"https:\/\/semistaal.com\/de\/?s={search_term_string}"},"query-input":{"@type":"PropertyValueSpecification","valueRequired":true,"valueName":"search_term_string"}}],"inLanguage":"de"}]}},"_links":{"self":[{"href":"https:\/\/semistaal.com\/de\/wp-json\/wp\/v2\/pages\/9809","targetHints":{"allow":["GET"]}}],"collection":[{"href":"https:\/\/semistaal.com\/de\/wp-json\/wp\/v2\/pages"}],"about":[{"href":"https:\/\/semistaal.com\/de\/wp-json\/wp\/v2\/types\/page"}],"author":[{"embeddable":true,"href":"https:\/\/semistaal.com\/de\/wp-json\/wp\/v2\/users\/8"}],"replies":[{"embeddable":true,"href":"https:\/\/semistaal.com\/de\/wp-json\/wp\/v2\/comments?post=9809"}],"version-history":[{"count":0,"href":"https:\/\/semistaal.com\/de\/wp-json\/wp\/v2\/pages\/9809\/revisions"}],"wp:attachment":[{"href":"https:\/\/semistaal.com\/de\/wp-json\/wp\/v2\/media?parent=9809"}],"curies":[{"name":"wp","href":"https:\/\/api.w.org\/{rel}","templated":true}]}}