{"id":9739,"date":"2025-02-04T19:58:29","date_gmt":"2025-02-04T19:58:29","guid":{"rendered":"https:\/\/semistaal.com\/lebensmittelindustrie\/"},"modified":"2025-02-28T09:28:47","modified_gmt":"2025-02-28T09:28:47","slug":"lebensmittelindustrie","status":"publish","type":"page","link":"https:\/\/semistaal.com\/de\/lebensmittelindustrie\/","title":{"rendered":"Lebensmittelindustrie"},"content":{"rendered":"<p><img decoding=\"async\" src=\"\/wp-content\/uploads\/2022\/11\/Vaskesystemer-til-foedevareindustrien.jpg\" alt=\"\"><\/p>\n<h1>L\u00f6sungen f\u00fcr die Lebensmittelindustrie<\/h1>\n<div>\n<p>SEMI STAAL entwickelt, fertigt und installiert kundenspezifische Wasch- und Handlingssysteme f\u00fcr die Lebensmittelindustrie.<\/p>\n<p>Wir bieten Systeme an, die die Herausforderungen bei der Reinigung von Mehrwegverpackungen in den meisten Branchen l\u00f6sen.<\/p>\n<p>Wir sind stolz darauf, jede L\u00f6sung so zu gestalten, dass sie den W\u00fcnschen und Bed\u00fcrfnissen jedes einzelnen Kunden entspricht.<\/p>\n<\/div>\n<div>\n<h4>Unsere L\u00f6sungen umfassen die folgenden Bereiche<\/h4>\n<ul>\n<li>Entleerungssysteme<\/li>\n<li>Waschanlagen<\/li>\n<li>Trocknungssysteme<\/li>\n<li>Handlingsysteme<\/li>\n<li>Transport-Systeme<\/li>\n<\/ul>\n<\/div>\n<h2>\n<h3 style=\"text-align: center;\">Siehe unsere L\u00f6sungen f\u00fcr das Waschen und die Handhabung von<\/h3>\n<p><span style=\"color: #000000; font-size: medium;\"><\/span><\/h2>\n<div>\n\n\n    <div id=\"wk-gridcf7\" class=\"uk-child-width-1-2 uk-child-width-1-2@s uk-child-width-1-3@m uk-child-width-1-5@l uk-grid-small uk-grid-match \" uk-height-match=\"target: &gt; div &gt; .uk-panel, &gt; div &gt; .uk-card; row: true\" uk-grid  >\n\n            \n        <div>\n        \n<div class=\"uk-panel\">\n\n    \n        <div class=\"uk-inline-clip uk-transition-toggle \">\n\n            <img loading=\"lazy\" decoding=\"async\" src=\"\/wp-content\/plugins\/widgetkit\/cache\/Kar-widget-83b9a16ef646a19597ca2ee2120481ad.jpg\" class=\"uk-transition-scale-up uk-transition-opaque\" alt=\"Trolleys\" width=\"300\" height=\"168\">\n            \n                        <div class=\"uk-overlay uk-overlay-primary uk-position-cover uk-transition-fade\"><\/div>\n            \n                            <div class=\"uk-position-center uk-light\">\n                    <span class=\"uk-transition-fade\" uk-overlay-icon><\/span>\n                <\/div>\n            \n                                                <a class=\"uk-position-cover\" href=\"https:\/\/semistaal.com\/de\/behaelter\/\"><\/a>\n                            \n        <\/div>\n\n    \n    \n                <h5 class=\"uk-h5 uk-margin-remove-bottom\">Trolleys<\/h5>\n        \n        \n    \n    \n<\/div>\n        <\/div>\n\n                    \n        <div>\n        \n<div class=\"uk-panel\">\n\n    \n        <div class=\"uk-inline-clip uk-transition-toggle \">\n\n            <img loading=\"lazy\" decoding=\"async\" src=\"\/wp-content\/plugins\/widgetkit\/cache\/Kasser-widget-7fc33091f6d257ff7c554e526f0475cd.jpg\" class=\"uk-transition-scale-up uk-transition-opaque\" alt=\"Kisten\" width=\"300\" height=\"168\">\n            \n                        <div class=\"uk-overlay uk-overlay-primary uk-position-cover uk-transition-fade\"><\/div>\n            \n                            <div class=\"uk-position-center uk-light\">\n                    <span class=\"uk-transition-fade\" uk-overlay-icon><\/span>\n                <\/div>\n            \n                                                <a class=\"uk-position-cover\" href=\"https:\/\/semistaal.com\/de\/kasser\/\"><\/a>\n                            \n        <\/div>\n\n    \n    \n                <h5 class=\"uk-h5 uk-margin-remove-bottom\">Kisten<\/h5>\n        \n        \n    \n    \n<\/div>\n        <\/div>\n\n                    \n        <div>\n        \n<div class=\"uk-panel\">\n\n    \n        <div class=\"uk-inline-clip uk-transition-toggle \">\n\n            <img loading=\"lazy\" decoding=\"async\" src=\"\/wp-content\/plugins\/widgetkit\/cache\/Plasik-paller-foedevarer-7e2791693a21703bb1468e98f6b862a9.jpg\" class=\"uk-transition-scale-up uk-transition-opaque\" alt=\"Paletten\" width=\"300\" height=\"168\">\n            \n                        <div class=\"uk-overlay uk-overlay-primary uk-position-cover uk-transition-fade\"><\/div>\n            \n                            <div class=\"uk-position-center uk-light\">\n                    <span class=\"uk-transition-fade\" uk-overlay-icon><\/span>\n                <\/div>\n            \n                                                <a class=\"uk-position-cover\" href=\"https:\/\/semistaal.com\/de\/paller\/\"><\/a>\n                            \n        <\/div>\n\n    \n    \n                <h5 class=\"uk-h5 uk-margin-remove-bottom\">Paletten<\/h5>\n        \n        \n    \n    \n<\/div>\n        <\/div>\n\n                    \n        <div>\n        \n<div class=\"uk-panel\">\n\n    \n        <div class=\"uk-inline-clip uk-transition-toggle \">\n\n            <img loading=\"lazy\" decoding=\"async\" src=\"\/wp-content\/plugins\/widgetkit\/cache\/rullecontainer-widget-6cba146b2ff36834040e01594444e395.jpg\" class=\"uk-transition-scale-up uk-transition-opaque\" alt=\"Gitterwagen\" width=\"300\" height=\"168\">\n            \n                        <div class=\"uk-overlay uk-overlay-primary uk-position-cover uk-transition-fade\"><\/div>\n            \n                            <div class=\"uk-position-center uk-light\">\n                    <span class=\"uk-transition-fade\" uk-overlay-icon><\/span>\n                <\/div>\n            \n                                                <a class=\"uk-position-cover\" href=\"https:\/\/semistaal.com\/de\/transportbure\/\"><\/a>\n                            \n        <\/div>\n\n    \n    \n                <h5 class=\"uk-h5 uk-margin-remove-bottom\">Gitterwagen<\/h5>\n        \n        \n    \n    \n<\/div>\n        <\/div>\n\n                    \n        <div>\n        \n<div class=\"uk-panel\">\n\n    \n        <div class=\"uk-inline-clip uk-transition-toggle \">\n\n            <img loading=\"lazy\" decoding=\"async\" src=\"\/wp-content\/plugins\/widgetkit\/cache\/Vemag-vogne-widget-effd7d4ee948af5ae5b617461f8c5a30.jpg\" class=\"uk-transition-scale-up uk-transition-opaque\" alt=\"Beschickungswagen\" width=\"300\" height=\"168\">\n            \n                        <div class=\"uk-overlay uk-overlay-primary uk-position-cover uk-transition-fade\"><\/div>\n            \n                            <div class=\"uk-position-center uk-light\">\n                    <span class=\"uk-transition-fade\" uk-overlay-icon><\/span>\n                <\/div>\n            \n                                                <a class=\"uk-position-cover\" href=\"https:\/\/semistaal.com\/de\/vemag-laufkatzen\/\"><\/a>\n                            \n        <\/div>\n\n    \n    \n                <h5 class=\"uk-h5 uk-margin-remove-bottom\">Beschickungswagen<\/h5>\n        \n        \n    \n    \n<\/div>\n        <\/div>\n\n            \n    <\/div>\n\n\n\n<script>\n\n    (function(UIkit){\n\n        var $ = UIkit.util;\n\n        $.ready(function () {\n            if (!$.$('.uk-gallery-container')) {\n                $.append(document.body, '<div class=\"uk-scope uk-gallery-container\">');\n            }\n        });\n\n    })(window.UIkitwk || window.UIkit);\n\n<\/script>\n<\/div>\n<div>\n<h3>M\u00f6chten Sie mehr erfahren?<\/h3>\n<\/div>\n<p><img decoding=\"async\" src=\"\/wp-content\/uploads\/2023\/03\/Nicolai_3490.jpg\" alt=\"\"><\/p>\n<div>\n<p style=\"text-align: center;\"><strong>Nicolai Meyendorff<\/strong><br \/>Verkaufsleiter \u2013 Food\/nonfood<\/p>\n<p style=\"text-align: center;\">Direkte: +45 49 25 25 16<br \/>Mobil: +45 24 41 45 19<br \/>E-mail: <a href=\"mailto:nm@semistaal.dk\">nm@semistaal.dk<\/a><\/p>\n<\/div>\n<p><!--more--><br \/>\n<!-- {\"type\":\"layout\",\"children\":[{\"type\":\"section\",\"props\":{\"image_position\":\"center-center\",\"padding_remove_bottom\":true,\"padding_remove_top\":true,\"style\":\"default\",\"title_breakpoint\":\"xl\",\"title_position\":\"top-left\",\"title_rotation\":\"left\",\"vertical_align\":\"middle\",\"width\":\"\"},\"children\":[{\"type\":\"row\",\"children\":[{\"type\":\"column\",\"props\":{\"image_position\":\"center-center\",\"position_sticky_breakpoint\":\"m\"},\"children\":[{\"type\":\"image\",\"props\":{\"image\":\"wp-content\\\/uploads\\\/2022\\\/11\\\/Vaskesystemer-til-foedevareindustrien.jpg\",\"image_height\":\"580\",\"image_svg_color\":\"emphasis\",\"image_width\":\"2560\",\"margin\":\"default\",\"margin_remove_bottom\":false,\"margin_remove_top\":false}}]}]}],\"name\":\"Image full width responsive\"},{\"type\":\"section\",\"props\":{\"image_position\":\"center-center\",\"padding_remove_bottom\":true,\"style\":\"muted\",\"title_breakpoint\":\"xl\",\"title_position\":\"top-left\",\"title_rotation\":\"left\",\"vertical_align\":\"middle\",\"width\":\"default\"},\"children\":[{\"type\":\"row\",\"children\":[{\"type\":\"column\",\"props\":{\"image_position\":\"center-center\",\"position_sticky_breakpoint\":\"m\"},\"children\":[{\"type\":\"headline\",\"props\":{\"content\":\"L\\u00f6sungen f\\u00fcr die Lebensmittelindustrie\",\"css\":\"@media (max-width: 640px) { \\n .el-element {\\nfont-size:28px;\\n }\\n}\",\"text_align\":\"center\",\"title_element\":\"h1\",\"title_style\":\"h1\"}}]}]}]},{\"type\":\"section\",\"props\":{\"image_position\":\"center-center\",\"style\":\"muted\",\"title_breakpoint\":\"xl\",\"title_position\":\"top-left\",\"title_rotation\":\"left\",\"vertical_align\":\"middle\",\"width\":\"default\"},\"children\":[{\"type\":\"row\",\"children\":[{\"type\":\"column\",\"props\":{\"image_position\":\"center-center\",\"position_sticky_breakpoint\":\"m\",\"width_medium\":\"1-2\"},\"children\":[{\"type\":\"text\",\"props\":{\"column_breakpoint\":\"m\",\"content\":\"\n\n<p>SEMI STAAL entwickelt, fertigt und installiert kundenspezifische Wasch- und Handlingssysteme f\\u00fcr die Lebensmittelindustrie.<\\\/p>\\n\n\n<p>Wir bieten Systeme an, die die Herausforderungen bei der Reinigung von Mehrwegverpackungen in den meisten Branchen l\\u00f6sen.<\\\/p>\\n\n\n<p>Wir sind stolz darauf, jede L\\u00f6sung so zu gestalten, dass sie den W\\u00fcnschen und Bed\\u00fcrfnissen jedes einzelnen Kunden entspricht.<\\\/p>\",\"margin\":\"default\",\"maxwidth\":\"xlarge\",\"text_color\":\"primary\"}}]},{\"type\":\"column\",\"props\":{\"image_position\":\"center-center\",\"position_sticky_breakpoint\":\"m\",\"width_medium\":\"1-2\"},\"children\":[{\"type\":\"text\",\"props\":{\"column_breakpoint\":\"m\",\"content\":\"\n\n<h4>Unsere L\\u00f6sungen umfassen die folgenden Bereiche<\\\/h4>\\n\n\n<ul>\\n\n\n<li>Entleerungssysteme<\\\/li>\\n\n\n<li>Waschanlagen<\\\/li>\\n\n\n<li>Trocknungssysteme<\\\/li>\\n\n\n<li>Handlingsysteme<\\\/li>\\n\n\n<li>Transport-Systeme<\\\/li>\\n<\\\/ul>\",\"margin\":\"default\",\"text_color\":\"warning\"}}]}],\"props\":{\"column_gap\":\"large\",\"layout\":\"1-2,1-2\"}}]},{\"type\":\"section\",\"props\":{\"image_position\":\"center-center\",\"padding_remove_bottom\":true,\"style\":\"default\",\"title_breakpoint\":\"xl\",\"title_position\":\"top-left\",\"title_rotation\":\"left\",\"vertical_align\":\"middle\",\"width\":\"default\"},\"children\":[{\"type\":\"row\",\"children\":[{\"type\":\"column\",\"props\":{\"image_position\":\"center-center\",\"position_sticky_breakpoint\":\"m\"},\"children\":[{\"type\":\"headline\",\"props\":{\"content\":\"\n\n<h3 style=\\\"text-align: center;\\\">Siehe unsere L\\u00f6sungen f\\u00fcr das Waschen und die Handhabung von<\\\/h3>\\n<span style=\\\"color: #000000; font-size: medium;\\\"><\\\/span>\",\"css\":\"\\n\\\/*Responsive text*\\\/\\n@media (max-width: 640px) { \\n    .el-element {\\nfont-size:20px;\\n    }\\n}\",\"margin_remove_bottom\":true,\"text_align\":\"center\",\"title_element\":\"h2\"}}]}]}]},{\"type\":\"section\",\"props\":{\"image_position\":\"center-center\",\"style\":\"default\",\"title_breakpoint\":\"xl\",\"title_position\":\"top-left\",\"title_rotation\":\"left\",\"vertical_align\":\"middle\",\"width\":\"xlarge\"},\"children\":[{\"type\":\"row\",\"children\":[{\"type\":\"column\",\"props\":{\"image_position\":\"center-center\",\"position_sticky_breakpoint\":\"m\"},\"children\":[{\"type\":\"html\",\"props\":{\"content\":\"[widgetkit id=\\\"31\\\"]\"}}]}]}]},{\"type\":\"section\",\"props\":{\"image_position\":\"center-center\",\"style\":\"muted\",\"title_breakpoint\":\"xl\",\"title_position\":\"top-left\",\"title_rotation\":\"left\",\"vertical_align\":\"middle\",\"width\":\"default\"},\"children\":[{\"type\":\"row\",\"props\":{\"layout\":\"1-5,1-5,1-5,1-5,1-5|1-2,1-2,1-3,1-3,1-3\"},\"children\":[{\"type\":\"column\",\"props\":{\"image_position\":\"center-center\",\"position_sticky_breakpoint\":\"m\",\"width_medium\":\"1-5\",\"width_small\":\"1-2\"},\"children\":[{\"type\":\"text\",\"props\":{\"column_breakpoint\":\"m\",\"content\":\"\n\n<h3>M\\u00f6chten Sie mehr erfahren?<\\\/h3>\",\"margin\":\"default\"}}]},{\"type\":\"column\",\"props\":{\"image_position\":\"center-center\",\"position_sticky_breakpoint\":\"m\",\"width_medium\":\"1-5\",\"width_small\":\"1-2\"}},{\"type\":\"column\",\"props\":{\"image_position\":\"center-center\",\"position_sticky_breakpoint\":\"m\",\"width_medium\":\"1-5\",\"width_small\":\"1-3\"},\"children\":[{\"type\":\"image\",\"props\":{\"image\":\"wp-content\\\/uploads\\\/2023\\\/03\\\/Nicolai_3490.jpg\",\"image_border\":\"circle\",\"image_svg_color\":\"emphasis\",\"image_width\":\"160\",\"margin\":\"default\",\"margin_remove_bottom\":false,\"margin_remove_top\":false,\"text_align\":\"center\"}},{\"type\":\"text\",\"props\":{\"column_breakpoint\":\"m\",\"content\":\"\n\n<p style=\\\"text-align: center;\\\"><strong>Nicolai Meyendorff<\\\/strong><br \\\/>Verkaufsleiter \\u2013 Food\\\/nonfood<\\\/p>\\n\n\n<p style=\\\"text-align: center;\\\">Direkte: +45 49 25 25 16<br \\\/>Mobil: +45 24 41 45 19<br \\\/>E-mail: <a href=\\\"mailto:nm@semistaal.dk\\\">nm@semistaal.dk<\\\/a><\\\/p>\",\"margin\":\"default\"}}]},{\"type\":\"column\",\"props\":{\"image_position\":\"center-center\",\"position_sticky_breakpoint\":\"m\",\"width_medium\":\"1-5\",\"width_small\":\"1-3\"}},{\"type\":\"column\",\"props\":{\"image_position\":\"center-center\",\"position_sticky_breakpoint\":\"m\",\"width_medium\":\"1-5\",\"width_small\":\"1-3\"}}]}],\"name\":\"Kontaktperson-1\"}],\"version\":\"4.3.5\",\"yooessentialsVersion\":\"1.9.4\"} --><\/p>\n","protected":false},"excerpt":{"rendered":"<p>L\u00f6sungen f\u00fcr die Lebensmittelindustrie SEMI STAAL entwickelt, fertigt und installiert kundenspezifische Wasch- und Handlingssysteme f\u00fcr die Lebensmittelindustrie. Wir bieten Systeme an, die die Herausforderungen bei der Reinigung von Mehrwegverpackungen in den meisten Branchen l\u00f6sen. Wir sind stolz darauf, jede L\u00f6sung so zu gestalten, dass sie den W\u00fcnschen und Bed\u00fcrfnissen jedes einzelnen Kunden entspricht. Unsere L\u00f6sungen [&hellip;]<\/p>\n","protected":false},"author":8,"featured_media":0,"parent":0,"menu_order":0,"comment_status":"closed","ping_status":"closed","template":"","meta":{"footnotes":""},"class_list":["post-9739","page","type-page","status-publish","hentry"],"yoast_head":"<!-- This site is optimized with the Yoast SEO plugin v27.3 - https:\/\/yoast.com\/product\/yoast-seo-wordpress\/ -->\n<title>- Waschanlagen f\u00fcr die Lebensmittelindustrie SEMI STAAL A\/S<\/title>\n<meta name=\"description\" content=\"SEMI STAAL entwickelt, fertigt und installiert ma\u00dfgeschneiderte Waschsysteme f\u00fcr die Lebensmittelindustrie.\" \/>\n<meta name=\"robots\" content=\"index, follow, max-snippet:-1, max-image-preview:large, max-video-preview:-1\" \/>\n<link rel=\"canonical\" href=\"https:\/\/semistaal.com\/de\/lebensmittelindustrie\/\" \/>\n<meta property=\"og:locale\" content=\"de_DE\" \/>\n<meta property=\"og:type\" content=\"article\" \/>\n<meta property=\"og:title\" content=\"- Waschanlagen f\u00fcr die Lebensmittelindustrie SEMI STAAL A\/S\" \/>\n<meta property=\"og:description\" content=\"SEMI STAAL entwickelt, fertigt und installiert ma\u00dfgeschneiderte Waschsysteme f\u00fcr die Lebensmittelindustrie.\" \/>\n<meta property=\"og:url\" content=\"https:\/\/semistaal.com\/de\/lebensmittelindustrie\/\" \/>\n<meta property=\"og:site_name\" content=\"SEMI STAAL A\/S\" \/>\n<meta property=\"article:modified_time\" content=\"2025-02-28T09:28:47+00:00\" \/>\n<meta name=\"twitter:card\" content=\"summary_large_image\" \/>\n<meta name=\"twitter:label1\" content=\"Gesch\u00e4tzte Lesezeit\" \/>\n\t<meta name=\"twitter:data1\" content=\"1\u00a0Minute\" \/>\n<script type=\"application\/ld+json\" class=\"yoast-schema-graph\">{\"@context\":\"https:\\\/\\\/schema.org\",\"@graph\":[{\"@type\":\"WebPage\",\"@id\":\"https:\\\/\\\/semistaal.com\\\/de\\\/lebensmittelindustrie\\\/\",\"url\":\"https:\\\/\\\/semistaal.com\\\/de\\\/lebensmittelindustrie\\\/\",\"name\":\"- Waschanlagen f\u00fcr die Lebensmittelindustrie SEMI STAAL A\\\/S\",\"isPartOf\":{\"@id\":\"https:\\\/\\\/semistaal.com\\\/de\\\/#website\"},\"datePublished\":\"2025-02-04T19:58:29+00:00\",\"dateModified\":\"2025-02-28T09:28:47+00:00\",\"description\":\"SEMI STAAL entwickelt, fertigt und installiert ma\u00dfgeschneiderte Waschsysteme f\u00fcr die Lebensmittelindustrie.\",\"breadcrumb\":{\"@id\":\"https:\\\/\\\/semistaal.com\\\/de\\\/lebensmittelindustrie\\\/#breadcrumb\"},\"inLanguage\":\"de\",\"potentialAction\":[{\"@type\":\"ReadAction\",\"target\":[\"https:\\\/\\\/semistaal.com\\\/de\\\/lebensmittelindustrie\\\/\"]}]},{\"@type\":\"BreadcrumbList\",\"@id\":\"https:\\\/\\\/semistaal.com\\\/de\\\/lebensmittelindustrie\\\/#breadcrumb\",\"itemListElement\":[{\"@type\":\"ListItem\",\"position\":1,\"name\":\"Home\",\"item\":\"https:\\\/\\\/semistaal.com\\\/de\\\/\"},{\"@type\":\"ListItem\",\"position\":2,\"name\":\"Lebensmittelindustrie\"}]},{\"@type\":\"WebSite\",\"@id\":\"https:\\\/\\\/semistaal.com\\\/de\\\/#website\",\"url\":\"https:\\\/\\\/semistaal.com\\\/de\\\/\",\"name\":\"SEMI STAAL A\\\/S\",\"description\":\"Cleaning &amp; Automation\",\"potentialAction\":[{\"@type\":\"SearchAction\",\"target\":{\"@type\":\"EntryPoint\",\"urlTemplate\":\"https:\\\/\\\/semistaal.com\\\/de\\\/?s={search_term_string}\"},\"query-input\":{\"@type\":\"PropertyValueSpecification\",\"valueRequired\":true,\"valueName\":\"search_term_string\"}}],\"inLanguage\":\"de\"}]}<\/script>\n<!-- \/ Yoast SEO plugin. -->","yoast_head_json":{"title":"- Waschanlagen f\u00fcr die Lebensmittelindustrie SEMI STAAL A\/S","description":"SEMI STAAL entwickelt, fertigt und installiert ma\u00dfgeschneiderte Waschsysteme f\u00fcr die Lebensmittelindustrie.","robots":{"index":"index","follow":"follow","max-snippet":"max-snippet:-1","max-image-preview":"max-image-preview:large","max-video-preview":"max-video-preview:-1"},"canonical":"https:\/\/semistaal.com\/de\/lebensmittelindustrie\/","og_locale":"de_DE","og_type":"article","og_title":"- Waschanlagen f\u00fcr die Lebensmittelindustrie SEMI STAAL A\/S","og_description":"SEMI STAAL entwickelt, fertigt und installiert ma\u00dfgeschneiderte Waschsysteme f\u00fcr die Lebensmittelindustrie.","og_url":"https:\/\/semistaal.com\/de\/lebensmittelindustrie\/","og_site_name":"SEMI STAAL A\/S","article_modified_time":"2025-02-28T09:28:47+00:00","twitter_card":"summary_large_image","twitter_misc":{"Gesch\u00e4tzte Lesezeit":"1\u00a0Minute"},"schema":{"@context":"https:\/\/schema.org","@graph":[{"@type":"WebPage","@id":"https:\/\/semistaal.com\/de\/lebensmittelindustrie\/","url":"https:\/\/semistaal.com\/de\/lebensmittelindustrie\/","name":"- Waschanlagen f\u00fcr die Lebensmittelindustrie SEMI STAAL A\/S","isPartOf":{"@id":"https:\/\/semistaal.com\/de\/#website"},"datePublished":"2025-02-04T19:58:29+00:00","dateModified":"2025-02-28T09:28:47+00:00","description":"SEMI STAAL entwickelt, fertigt und installiert ma\u00dfgeschneiderte Waschsysteme f\u00fcr die Lebensmittelindustrie.","breadcrumb":{"@id":"https:\/\/semistaal.com\/de\/lebensmittelindustrie\/#breadcrumb"},"inLanguage":"de","potentialAction":[{"@type":"ReadAction","target":["https:\/\/semistaal.com\/de\/lebensmittelindustrie\/"]}]},{"@type":"BreadcrumbList","@id":"https:\/\/semistaal.com\/de\/lebensmittelindustrie\/#breadcrumb","itemListElement":[{"@type":"ListItem","position":1,"name":"Home","item":"https:\/\/semistaal.com\/de\/"},{"@type":"ListItem","position":2,"name":"Lebensmittelindustrie"}]},{"@type":"WebSite","@id":"https:\/\/semistaal.com\/de\/#website","url":"https:\/\/semistaal.com\/de\/","name":"SEMI STAAL A\/S","description":"Cleaning &amp; Automation","potentialAction":[{"@type":"SearchAction","target":{"@type":"EntryPoint","urlTemplate":"https:\/\/semistaal.com\/de\/?s={search_term_string}"},"query-input":{"@type":"PropertyValueSpecification","valueRequired":true,"valueName":"search_term_string"}}],"inLanguage":"de"}]}},"_links":{"self":[{"href":"https:\/\/semistaal.com\/de\/wp-json\/wp\/v2\/pages\/9739","targetHints":{"allow":["GET"]}}],"collection":[{"href":"https:\/\/semistaal.com\/de\/wp-json\/wp\/v2\/pages"}],"about":[{"href":"https:\/\/semistaal.com\/de\/wp-json\/wp\/v2\/types\/page"}],"author":[{"embeddable":true,"href":"https:\/\/semistaal.com\/de\/wp-json\/wp\/v2\/users\/8"}],"replies":[{"embeddable":true,"href":"https:\/\/semistaal.com\/de\/wp-json\/wp\/v2\/comments?post=9739"}],"version-history":[{"count":0,"href":"https:\/\/semistaal.com\/de\/wp-json\/wp\/v2\/pages\/9739\/revisions"}],"wp:attachment":[{"href":"https:\/\/semistaal.com\/de\/wp-json\/wp\/v2\/media?parent=9739"}],"curies":[{"name":"wp","href":"https:\/\/api.w.org\/{rel}","templated":true}]}}