{"id":9735,"date":"2025-02-04T19:58:28","date_gmt":"2025-02-04T19:58:28","guid":{"rendered":"https:\/\/semistaal.com\/sonosteam-technologie\/"},"modified":"2025-02-28T09:05:28","modified_gmt":"2025-02-28T09:05:28","slug":"sonosteam-technologie","status":"publish","type":"page","link":"https:\/\/semistaal.com\/de\/sonosteam-technologie\/","title":{"rendered":"SonoSteam\u00ae-Technologie"},"content":{"rendered":"<p><img decoding=\"async\" src=\"\/wp-content\/uploads\/2022\/11\/Sonosteam-desinfektion.jpg\" alt=\"\"><\/p>\n<h1>\n<div style=\"text-align: center;\">SonoSteam\u00ae Desinfektionsanlage<\/div>\n<\/h1>\n<div>\n<p><b>In Zusammenarbeit mit der SonoSteam\u00ae-Abteilung von FORCE Technology wurde die SonoSteam\u00ae-Dekontaminationstechnologie in das SEMI-STAAL SonoSteam\u00ae-Matratzendesinfektionssystem integriert. Mit dieser L\u00f6sung ist es m\u00f6glich, Matratzen schnell und effektiv ohne den Einsatz von Chemikalien zu reinigen.<\/b><\/p>\n<p>Die effektive Prozesszeit bei einer SonoSteam\u00ae-Behandlung ist ultrakurz und kann in einigen F\u00e4llen auf weniger als eine Sekunde reduziert werden. Dies macht esist ideal f\u00fcr die Behandlung hitze- und wasserempfindlicher Produkte.<\/p>\n<\/div>\n<div>\n<h4>Ideal f\u00fcr die Dekontamination von temperatur- und wasserempfindlichen Oberfl\u00e4chen<\/h4>\n<ul>\n<li>Chemikalienfreies Dekontaminationssystem<\/li>\n<li>Einzigartige Kombination aus Ultraschall und Dampf<\/li>\n<li>Bakterient\u00f6tend in nur 1-2 Sekunden<\/li>\n<li>Gepr\u00fcfte Sicherheit f\u00fcr krankheitserregende Bakterien<\/li>\n<\/ul>\n<\/div>\n<hr>\n<h3>\n<p>SEMI-STAAL SonoSteam\u00ae-Technologie<\/p>\n<\/h3>\n<div>\n<p>SonoSteam\u00ae ist ein chemiefreies Dekontaminationsverfahren f\u00fcr Non-Food- und Lebensmitteloberfl\u00e4chen. Die Technologie nutzt die Kombination von Dampf und Ultraschall, um eine schnelle und verbesserte Behandlung innerhalb von Sekunden zu erreichen. Die kurze Behandlungszeit ist ideal f\u00fcr die Dekontamination von temperatur- und wasserempfindlichen Oberfl\u00e4chen wie Krankenhausmatratzen, Betten und anderen Kontaktfl\u00e4chen wie Transportboxen, F\u00f6rderb\u00e4ndern, Messern und Krankenhausger\u00e4ten.<\/p>\n<p>Die SonoSteam\u00ae-Technologie wurde auf verschiedene Arten von pathogenen Bakterien getestet, darunter auch solche, die f\u00fcr die Lebensmittelindustrie relevant sind (z. B. Campylobacter und Salmonellen), und solche, die Krankenhausinfektionen verursachen (z. B. pathogene Mitglieder der Familie der Enterobacteriaceae wie E. coli).<\/p>\n<\/p>\n<\/div>\n<p><iframe src=\"\/%3Ciframe%20width=\"1280\" height=\"720\" src=\"https:\/\/www.youtube.com\/embed\/1lnQGV71Sqs\" title=\"SEMI STAAL BED AND MATTRESS DISINFECTION\" frameborder=\"0\" allow=\"accelerometer; autoplay; clipboard-write; encrypted-media; gyroscope; picture-in-picture\" allowfullscreen><\/iframe>&#8222;><\/iframe><\/p>\n<div>\n<h2 style=\"text-align: center;\">Fakten zur Technologie<\/h2>\n<\/div>\n<div>\n<p><b>Signifikante Reduzierung von Mikroorganismen<\/b><br \/>Wirksame Reduzierung von Krankheitserregern und multiresistenten Bakterien, z. B. Klebsiella pneumonia, Escherichia coli, Clostridium\u00a0 difficile, Staphylococcus aureus und Enterococcus, die h\u00e4ufig Ursache von Krankenhausinfektionen sind. Dar\u00fcber hinaus ist SonoSteam\u00ae wirksam gegen Hefen und Pilze.<\/p>\n<p><b>Behandlung in nur wenigen Sekunden<\/b><br \/>Die Kombination von Ultraschall und Dampf f\u00fchrt zu einer so schnellen W\u00e4rme\u00fcbertragung, dass die Mikroorganismen innerhalb von Sekunden abget\u00f6tet werden.<\/p>\n<\/div>\n<div>\n<p><strong>Keine Verwendung von Chemikalien<\/strong><br \/>SonoSteam\u00ae verwendet nur Dampf und Ultraschall. Bei diesem Verfahren werden keine Chemikalien oder andere Stoffe verwendet, die R\u00fcckst\u00e4nde hinterlassen k\u00f6nnen. Die Technologie kann auch auf organischen Oberfl\u00e4chen eingesetzt werden.<\/p>\n<p><strong>Eindringen in das Oberfl\u00e4chengef\u00fcge<\/strong><br \/>Die Mikroorganismen im Mikrogef\u00fcge werden durch den Dampf reduziert. Der Ultraschall bewirkt, dass der Dampf in die L\u00f6cher und Poren der Oberfl\u00e4che eindringt.<\/p>\n<\/div>\n<p><!--more--><br \/>\n<!-- {\"name\":\"Karvasker 1\",\"type\":\"layout\",\"children\":[{\"type\":\"section\",\"props\":{\"image_position\":\"center-center\",\"padding_remove_bottom\":true,\"padding_remove_top\":true,\"style\":\"default\",\"title_breakpoint\":\"xl\",\"title_position\":\"top-left\",\"title_rotation\":\"left\",\"vertical_align\":\"middle\",\"width\":\"\"},\"children\":[{\"type\":\"row\",\"children\":[{\"type\":\"column\",\"props\":{\"image_position\":\"center-center\",\"position_sticky_breakpoint\":\"m\"},\"children\":[{\"type\":\"image\",\"props\":{\"image\":\"wp-content\\\/uploads\\\/2022\\\/11\\\/Sonosteam-desinfektion.jpg\",\"image_height\":\"580\",\"image_svg_color\":\"emphasis\",\"image_width\":\"2560\",\"margin\":\"default\",\"margin_remove_bottom\":false,\"margin_remove_top\":false}}]}]}],\"name\":\"Image full width responsive\"},{\"type\":\"section\",\"props\":{\"image_position\":\"center-center\",\"padding_remove_bottom\":true,\"padding_remove_top\":false,\"style\":\"muted\",\"title_breakpoint\":\"xl\",\"title_position\":\"top-left\",\"title_rotation\":\"left\",\"vertical_align\":\"middle\",\"width\":\"default\"},\"children\":[{\"type\":\"row\",\"children\":[{\"type\":\"column\",\"props\":{\"image_position\":\"center-center\",\"position_sticky_breakpoint\":\"m\"},\"children\":[{\"type\":\"headline\",\"props\":{\"content\":\"\n\n<div style=\\\"text-align: center;\\\">SonoSteam\\u00ae Desinfektionsanlage<\\\/div>\",\"css\":\"@media (max-width: 640px) { \\n    .el-element {\\nfont-size:28px;\\n    }\\n}\",\"margin\":\"remove-vertical\",\"margin_remove_bottom\":false,\"margin_remove_top\":false,\"title_element\":\"h1\"}}]}]}]},{\"type\":\"section\",\"props\":{\"image_position\":\"center-center\",\"padding_remove_top\":false,\"style\":\"muted\",\"title_breakpoint\":\"xl\",\"title_position\":\"top-left\",\"title_rotation\":\"left\",\"vertical_align\":\"middle\",\"width\":\"default\"},\"children\":[{\"type\":\"row\",\"children\":[{\"type\":\"column\",\"props\":{\"image_position\":\"center-center\",\"position_sticky_breakpoint\":\"m\",\"width_medium\":\"1-2\"},\"children\":[{\"type\":\"text\",\"props\":{\"column_breakpoint\":\"m\",\"content\":\"\n\n<p><b>In Zusammenarbeit mit der SonoSteam\\u00ae-Abteilung von FORCE Technology wurde die SonoSteam\\u00ae-Dekontaminationstechnologie in das SEMI-STAAL SonoSteam\\u00ae-Matratzendesinfektionssystem integriert. Mit dieser L\\u00f6sung ist es m\\u00f6glich, Matratzen schnell und effektiv ohne den Einsatz von Chemikalien zu reinigen.<\\\/b><\\\/p>\\n\n\n<p>Die effektive Prozesszeit bei einer SonoSteam\\u00ae-Behandlung ist ultrakurz und kann in einigen F\\u00e4llen auf weniger als eine Sekunde reduziert werden. Dies macht esist ideal f\\u00fcr die Behandlung hitze- und wasserempfindlicher Produkte.<\\\/p>\",\"margin\":\"default\",\"maxwidth\":\"2xlarge\"}}]},{\"type\":\"column\",\"props\":{\"image_position\":\"center-center\",\"position_sticky_breakpoint\":\"m\",\"width_medium\":\"1-2\"},\"children\":[{\"type\":\"text\",\"props\":{\"column_breakpoint\":\"m\",\"content\":\"\n\n<h4>Ideal f\\u00fcr die Dekontamination von temperatur- und wasserempfindlichen Oberfl\\u00e4chen<\\\/h4>\\n\n\n<ul>\\n\n\n<li>Chemikalienfreies Dekontaminationssystem<\\\/li>\\n\n\n<li>Einzigartige Kombination aus Ultraschall und Dampf<\\\/li>\\n\n\n<li>Bakterient\\u00f6tend in nur 1-2 Sekunden<\\\/li>\\n\n\n<li>Gepr\\u00fcfte Sicherheit f\\u00fcr krankheitserregende Bakterien<\\\/li>\\n<\\\/ul>\",\"margin\":\"default\",\"text_color\":\"warning\"}},{\"type\":\"divider\",\"props\":{\"divider_element\":\"hr\",\"margin\":\"medium\"}}]}],\"props\":{\"column_gap\":\"large\",\"layout\":\"1-2,1-2\"}}]},{\"type\":\"section\",\"props\":{\"image_position\":\"center-center\",\"style\":\"default\",\"title_breakpoint\":\"xl\",\"title_position\":\"top-left\",\"title_rotation\":\"left\",\"vertical_align\":\"middle\",\"width\":\"default\"},\"children\":[{\"type\":\"row\",\"props\":{\"column_gap\":\"large\",\"layout\":\"1-2,1-2\"},\"children\":[{\"type\":\"column\",\"props\":{\"image_position\":\"center-center\",\"position_sticky_breakpoint\":\"m\",\"width_medium\":\"1-2\"},\"children\":[{\"type\":\"headline\",\"props\":{\"content\":\"\n\n<p>SEMI-STAAL SonoSteam\\u00ae-Technologie<\\\/p>\",\"title_element\":\"h3\",\"title_style\":\"h3\"}},{\"type\":\"text\",\"props\":{\"column_breakpoint\":\"m\",\"content\":\"\n\n<p>SonoSteam\\u00ae ist ein chemiefreies Dekontaminationsverfahren f\\u00fcr Non-Food- und Lebensmitteloberfl\\u00e4chen. Die Technologie nutzt die Kombination von Dampf und Ultraschall, um eine schnelle und verbesserte Behandlung innerhalb von Sekunden zu erreichen. Die kurze Behandlungszeit ist ideal f\\u00fcr die Dekontamination von temperatur- und wasserempfindlichen Oberfl\\u00e4chen wie Krankenhausmatratzen, Betten und anderen Kontaktfl\\u00e4chen wie Transportboxen, F\\u00f6rderb\\u00e4ndern, Messern und Krankenhausger\\u00e4ten.<\\\/p>\\n\n\n<p>Die SonoSteam\\u00ae-Technologie wurde auf verschiedene Arten von pathogenen Bakterien getestet, darunter auch solche, die f\\u00fcr die Lebensmittelindustrie relevant sind (z. B. Campylobacter und Salmonellen), und solche, die Krankenhausinfektionen verursachen (z. B. pathogene Mitglieder der Familie der Enterobacteriaceae wie E. coli).<\\\/p>\\n\n\n<p><\\\/p>\",\"margin\":\"remove-vertical\",\"maxwidth\":\"2xlarge\"}}]},{\"type\":\"column\",\"props\":{\"image_position\":\"center-center\",\"position_sticky_breakpoint\":\"m\",\"width_medium\":\"1-2\"},\"children\":[{\"type\":\"video\",\"props\":{\"margin\":\"default\",\"video\":\"<iframe width=\\\"1280\\\" height=\\\"720\\\" src=\\\"https:\\\/\\\/www.youtube.com\\\/embed\\\/1lnQGV71Sqs\\\" title=\\\"SEMI STAAL BED AND MATTRESS DISINFECTION\\\" frameborder=\\\"0\\\" allow=\\\"accelerometer; autoplay; clipboard-write; encrypted-media; gyroscope; picture-in-picture\\\" allowfullscreen><\\\/iframe>\",\"video_controls\":true,\"video_width\":\"745\"}}]}]}]},{\"type\":\"section\",\"props\":{\"image_position\":\"center-center\",\"padding_remove_bottom\":true,\"style\":\"muted\",\"title_breakpoint\":\"xl\",\"title_position\":\"top-left\",\"title_rotation\":\"left\",\"vertical_align\":\"middle\",\"width\":\"default\"},\"children\":[{\"type\":\"row\",\"children\":[{\"type\":\"column\",\"props\":{\"image_position\":\"center-center\",\"position_sticky_breakpoint\":\"m\"},\"children\":[{\"type\":\"text\",\"props\":{\"column_breakpoint\":\"m\",\"content\":\"\n\n<h2 style=\\\"text-align: center;\\\">Fakten zur Technologie<\\\/h2>\",\"margin\":\"default\",\"margin_remove_bottom\":true}}]}]}]},{\"type\":\"section\",\"props\":{\"image_position\":\"center-center\",\"style\":\"muted\",\"title_breakpoint\":\"xl\",\"title_position\":\"top-left\",\"title_rotation\":\"left\",\"vertical_align\":\"middle\",\"width\":\"default\"},\"children\":[{\"type\":\"row\",\"props\":{\"column_gap\":\"large\",\"layout\":\"1-2,1-2\"},\"children\":[{\"type\":\"column\",\"props\":{\"image_position\":\"center-center\",\"position_sticky_breakpoint\":\"m\",\"width_medium\":\"1-2\"},\"children\":[{\"type\":\"text\",\"props\":{\"column_breakpoint\":\"m\",\"content\":\"\n\n<p><b>Signifikante Reduzierung von Mikroorganismen<\\\/b><br \\\/>Wirksame Reduzierung von Krankheitserregern und multiresistenten Bakterien, z. B. Klebsiella pneumonia, Escherichia coli, Clostridium\\u00a0 difficile, Staphylococcus aureus und Enterococcus, die h\\u00e4ufig Ursache von Krankenhausinfektionen sind. Dar\\u00fcber hinaus ist SonoSteam\\u00ae wirksam gegen Hefen und Pilze.<\\\/p>\\n\n\n<p><b>Behandlung in nur wenigen Sekunden<\\\/b><br \\\/>Die Kombination von Ultraschall und Dampf f\\u00fchrt zu einer so schnellen W\\u00e4rme\\u00fcbertragung, dass die Mikroorganismen innerhalb von Sekunden abget\\u00f6tet werden.<\\\/p>\",\"margin\":\"remove-vertical\",\"maxwidth\":\"2xlarge\",\"text_style\":\"large\"}}]},{\"type\":\"column\",\"props\":{\"image_position\":\"center-center\",\"position_sticky_breakpoint\":\"m\",\"width_medium\":\"1-2\"},\"children\":[{\"type\":\"text\",\"props\":{\"column_breakpoint\":\"m\",\"content\":\"\n\n<p><strong>Keine Verwendung von Chemikalien<\\\/strong><br \\\/>SonoSteam\\u00ae verwendet nur Dampf und Ultraschall. Bei diesem Verfahren werden keine Chemikalien oder andere Stoffe verwendet, die R\\u00fcckst\\u00e4nde hinterlassen k\\u00f6nnen. Die Technologie kann auch auf organischen Oberfl\\u00e4chen eingesetzt werden.<\\\/p>\\n\n\n<p><strong>Eindringen in das Oberfl\\u00e4chengef\\u00fcge<\\\/strong><br \\\/>Die Mikroorganismen im Mikrogef\\u00fcge werden durch den Dampf reduziert. Der Ultraschall bewirkt, dass der Dampf in die L\\u00f6cher und Poren der Oberfl\\u00e4che eindringt.<\\\/p>\",\"margin\":\"remove-vertical\",\"maxwidth\":\"2xlarge\",\"text_style\":\"large\"}}]}]}]}],\"version\":\"4.3.5\",\"yooessentialsVersion\":\"1.9.4\"} --><\/p>\n","protected":false},"excerpt":{"rendered":"<p>SonoSteam\u00ae Desinfektionsanlage In Zusammenarbeit mit der SonoSteam\u00ae-Abteilung von FORCE Technology wurde die SonoSteam\u00ae-Dekontaminationstechnologie in das SEMI-STAAL SonoSteam\u00ae-Matratzendesinfektionssystem integriert. Mit dieser L\u00f6sung ist es m\u00f6glich, Matratzen schnell und effektiv ohne den Einsatz von Chemikalien zu reinigen. Die effektive Prozesszeit bei einer SonoSteam\u00ae-Behandlung ist ultrakurz und kann in einigen F\u00e4llen auf weniger als eine Sekunde reduziert werden. [&hellip;]<\/p>\n","protected":false},"author":8,"featured_media":0,"parent":0,"menu_order":0,"comment_status":"closed","ping_status":"closed","template":"","meta":{"footnotes":""},"class_list":["post-9735","page","type-page","status-publish","hentry"],"yoast_head":"<!-- This site is optimized with the Yoast SEO plugin v27.3 - https:\/\/yoast.com\/product\/yoast-seo-wordpress\/ -->\n<title>- SonoSteam Matratzen-Desinfektion SEMI STAAL A\/S<\/title>\n<meta name=\"description\" content=\"SEMI STAAL SonoSteam Technologie zur Desinfektion von Matratzen in Krankenh\u00e4usern - ohne Einsatz von Chemikalien. Bakterient\u00f6tend in nur 1-2 Sekunden\" \/>\n<meta name=\"robots\" content=\"index, follow, max-snippet:-1, max-image-preview:large, max-video-preview:-1\" \/>\n<link rel=\"canonical\" href=\"https:\/\/semistaal.com\/de\/sonosteam-technologie\/\" \/>\n<meta property=\"og:locale\" content=\"de_DE\" \/>\n<meta property=\"og:type\" content=\"article\" \/>\n<meta property=\"og:title\" content=\"- SonoSteam Matratzen-Desinfektion SEMI STAAL A\/S\" \/>\n<meta property=\"og:description\" content=\"SEMI STAAL SonoSteam Technologie zur Desinfektion von Matratzen in Krankenh\u00e4usern - ohne Einsatz von Chemikalien. Bakterient\u00f6tend in nur 1-2 Sekunden\" \/>\n<meta property=\"og:url\" content=\"https:\/\/semistaal.com\/de\/sonosteam-technologie\/\" \/>\n<meta property=\"og:site_name\" content=\"SEMI STAAL A\/S\" \/>\n<meta property=\"article:modified_time\" content=\"2025-02-28T09:05:28+00:00\" \/>\n<meta name=\"twitter:card\" content=\"summary_large_image\" \/>\n<meta name=\"twitter:label1\" content=\"Gesch\u00e4tzte Lesezeit\" \/>\n\t<meta name=\"twitter:data1\" content=\"2\u00a0Minuten\" \/>\n<script type=\"application\/ld+json\" class=\"yoast-schema-graph\">{\"@context\":\"https:\\\/\\\/schema.org\",\"@graph\":[{\"@type\":\"WebPage\",\"@id\":\"https:\\\/\\\/semistaal.com\\\/de\\\/sonosteam-technologie\\\/\",\"url\":\"https:\\\/\\\/semistaal.com\\\/de\\\/sonosteam-technologie\\\/\",\"name\":\"- SonoSteam Matratzen-Desinfektion SEMI STAAL A\\\/S\",\"isPartOf\":{\"@id\":\"https:\\\/\\\/semistaal.com\\\/de\\\/#website\"},\"datePublished\":\"2025-02-04T19:58:28+00:00\",\"dateModified\":\"2025-02-28T09:05:28+00:00\",\"description\":\"SEMI STAAL SonoSteam Technologie zur Desinfektion von Matratzen in Krankenh\u00e4usern - ohne Einsatz von Chemikalien. Bakterient\u00f6tend in nur 1-2 Sekunden\",\"breadcrumb\":{\"@id\":\"https:\\\/\\\/semistaal.com\\\/de\\\/sonosteam-technologie\\\/#breadcrumb\"},\"inLanguage\":\"de\",\"potentialAction\":[{\"@type\":\"ReadAction\",\"target\":[\"https:\\\/\\\/semistaal.com\\\/de\\\/sonosteam-technologie\\\/\"]}]},{\"@type\":\"BreadcrumbList\",\"@id\":\"https:\\\/\\\/semistaal.com\\\/de\\\/sonosteam-technologie\\\/#breadcrumb\",\"itemListElement\":[{\"@type\":\"ListItem\",\"position\":1,\"name\":\"Home\",\"item\":\"https:\\\/\\\/semistaal.com\\\/de\\\/\"},{\"@type\":\"ListItem\",\"position\":2,\"name\":\"SonoSteam\u00ae-Technologie\"}]},{\"@type\":\"WebSite\",\"@id\":\"https:\\\/\\\/semistaal.com\\\/de\\\/#website\",\"url\":\"https:\\\/\\\/semistaal.com\\\/de\\\/\",\"name\":\"SEMI STAAL A\\\/S\",\"description\":\"Cleaning &amp; Automation\",\"potentialAction\":[{\"@type\":\"SearchAction\",\"target\":{\"@type\":\"EntryPoint\",\"urlTemplate\":\"https:\\\/\\\/semistaal.com\\\/de\\\/?s={search_term_string}\"},\"query-input\":{\"@type\":\"PropertyValueSpecification\",\"valueRequired\":true,\"valueName\":\"search_term_string\"}}],\"inLanguage\":\"de\"}]}<\/script>\n<!-- \/ Yoast SEO plugin. -->","yoast_head_json":{"title":"- SonoSteam Matratzen-Desinfektion SEMI STAAL A\/S","description":"SEMI STAAL SonoSteam Technologie zur Desinfektion von Matratzen in Krankenh\u00e4usern - ohne Einsatz von Chemikalien. Bakterient\u00f6tend in nur 1-2 Sekunden","robots":{"index":"index","follow":"follow","max-snippet":"max-snippet:-1","max-image-preview":"max-image-preview:large","max-video-preview":"max-video-preview:-1"},"canonical":"https:\/\/semistaal.com\/de\/sonosteam-technologie\/","og_locale":"de_DE","og_type":"article","og_title":"- SonoSteam Matratzen-Desinfektion SEMI STAAL A\/S","og_description":"SEMI STAAL SonoSteam Technologie zur Desinfektion von Matratzen in Krankenh\u00e4usern - ohne Einsatz von Chemikalien. Bakterient\u00f6tend in nur 1-2 Sekunden","og_url":"https:\/\/semistaal.com\/de\/sonosteam-technologie\/","og_site_name":"SEMI STAAL A\/S","article_modified_time":"2025-02-28T09:05:28+00:00","twitter_card":"summary_large_image","twitter_misc":{"Gesch\u00e4tzte Lesezeit":"2\u00a0Minuten"},"schema":{"@context":"https:\/\/schema.org","@graph":[{"@type":"WebPage","@id":"https:\/\/semistaal.com\/de\/sonosteam-technologie\/","url":"https:\/\/semistaal.com\/de\/sonosteam-technologie\/","name":"- SonoSteam Matratzen-Desinfektion SEMI STAAL A\/S","isPartOf":{"@id":"https:\/\/semistaal.com\/de\/#website"},"datePublished":"2025-02-04T19:58:28+00:00","dateModified":"2025-02-28T09:05:28+00:00","description":"SEMI STAAL SonoSteam Technologie zur Desinfektion von Matratzen in Krankenh\u00e4usern - ohne Einsatz von Chemikalien. Bakterient\u00f6tend in nur 1-2 Sekunden","breadcrumb":{"@id":"https:\/\/semistaal.com\/de\/sonosteam-technologie\/#breadcrumb"},"inLanguage":"de","potentialAction":[{"@type":"ReadAction","target":["https:\/\/semistaal.com\/de\/sonosteam-technologie\/"]}]},{"@type":"BreadcrumbList","@id":"https:\/\/semistaal.com\/de\/sonosteam-technologie\/#breadcrumb","itemListElement":[{"@type":"ListItem","position":1,"name":"Home","item":"https:\/\/semistaal.com\/de\/"},{"@type":"ListItem","position":2,"name":"SonoSteam\u00ae-Technologie"}]},{"@type":"WebSite","@id":"https:\/\/semistaal.com\/de\/#website","url":"https:\/\/semistaal.com\/de\/","name":"SEMI STAAL A\/S","description":"Cleaning &amp; Automation","potentialAction":[{"@type":"SearchAction","target":{"@type":"EntryPoint","urlTemplate":"https:\/\/semistaal.com\/de\/?s={search_term_string}"},"query-input":{"@type":"PropertyValueSpecification","valueRequired":true,"valueName":"search_term_string"}}],"inLanguage":"de"}]}},"_links":{"self":[{"href":"https:\/\/semistaal.com\/de\/wp-json\/wp\/v2\/pages\/9735","targetHints":{"allow":["GET"]}}],"collection":[{"href":"https:\/\/semistaal.com\/de\/wp-json\/wp\/v2\/pages"}],"about":[{"href":"https:\/\/semistaal.com\/de\/wp-json\/wp\/v2\/types\/page"}],"author":[{"embeddable":true,"href":"https:\/\/semistaal.com\/de\/wp-json\/wp\/v2\/users\/8"}],"replies":[{"embeddable":true,"href":"https:\/\/semistaal.com\/de\/wp-json\/wp\/v2\/comments?post=9735"}],"version-history":[{"count":0,"href":"https:\/\/semistaal.com\/de\/wp-json\/wp\/v2\/pages\/9735\/revisions"}],"wp:attachment":[{"href":"https:\/\/semistaal.com\/de\/wp-json\/wp\/v2\/media?parent=9735"}],"curies":[{"name":"wp","href":"https:\/\/api.w.org\/{rel}","templated":true}]}}