{"id":9708,"date":"2025-01-31T13:05:59","date_gmt":"2025-01-31T13:05:59","guid":{"rendered":"https:\/\/semistaal.com\/schokoladen-kampagne\/"},"modified":"2025-02-28T10:54:37","modified_gmt":"2025-02-28T10:54:37","slug":"schokoladen-kampagne","status":"publish","type":"page","link":"https:\/\/semistaal.com\/de\/schokoladen-kampagne\/","title":{"rendered":"Schokoladen-Kampagne"},"content":{"rendered":"<h1>\n<div style=\"text-align: center;\">\n<p class=\"p1\">HYGIENE UND LEBENSMITTELSICHERHEIT<br \/>f\u00fcr die S\u00fc\u00dfwarenindustrie<\/p>\n<\/div>\n<\/h1>\n<div>\n<p><b>Halten Sie Ihren Prozess so sauber wie Ihr Produkt mit unseren leistungsstarken TablettSchalen- und KorbKartonwaschmaschinen f\u00fcr die S\u00fc\u00dfwarenindustrie<\/b><\/p>\n<p>Diese leistungsstarke Maschine verf\u00fcgt \u00fcber zwei einzelne Bahnen, die einen effizienten Betrieb bei geringem Wasserverbrauch gew\u00e4hrleisten. Das hygienische Design verf\u00fcgt \u00fcber einen anhebbaren Deckel, der einen vollst\u00e4ndigen Zugang zum Innenraum f\u00fcr eine einfache und gr\u00fcndliche Reinigung erm\u00f6glicht.<\/p>\n<p>Die Maschine garantiert jedes Mal ein hygienisches Ergebnis, und mit der M\u00f6glichkeit, Verbrauchsdaten zu sammeln, k\u00f6nnen Sie Ihre Prozesse leicht \u00fcberwachen und optimieren, um maximale Effizienz zu erreichen.<\/p>\n<\/p>\n<\/div>\n<div>\n<h4>Vorteile, die Ihnen gefallen werden:<\/h4>\n<ul>\n<li>\n<p>Reinigungssystem mit hoher Kapazit\u00e4t f\u00fcr maximale Effizienz<\/p>\n<\/li>\n<li>\n<p>Hygienisches Design mit vollem Zugang zum Innenraum der Maschine mit anhebbarem Oberteil<\/p>\n<\/li>\n<li>\n<p>Entspricht allen Vorschriften zur Lebensmittelsicherheit<\/p>\n<\/li>\n<li>\n<p>Garantiert hygienisches Ergebnis<\/p>\n<\/li>\n<li>\n<p>Niedriger Wasserverbrauch<\/p>\n<\/li>\n<li>\n<p>Sammlung von Verbrauchsdaten<\/p>\n<\/li>\n<\/ul>\n<\/div>\n<div>\n<p><b>Basierend auf unserer 50-j\u00e4hrigen Erfahrung<\/b><\/p>\n<p>Wir haben eine L\u00f6sung entwickelt, die Zuverl\u00e4ssigkeit und Effizienz bietet und der S\u00fc\u00dfwarenindustrie hilft, die h\u00f6chsten Hygienestandards einzuhalten und gleichzeitig den Ressourcenverbrauch zu minimieren. Jeder Aspekt des Waschprozesses ist darauf ausgelegt, Leistung und Sauberkeit zu optimieren.<\/p>\n<p>Dieses Engagement spiegelt sich in jeder Phase der L\u00f6sung wider:<\/p>\n<p><strong>1. R<\/strong><b>ezirkulierende Vorwaschung<\/b><\/p>\n<p>Die Vorw\u00e4sche im Kreislauf entfernt effektiv losen Schmutz und anf\u00e4ngliche R\u00fcckst\u00e4nde und bereitet das Waschgut auf die Hauptw\u00e4sche vor. Dabei wird der Wasserverbrauch durch Wiederverwendung minimiert.<\/p>\n<p><strong>2.\u00a0<\/strong><b>Waschbereich mit R\u00fcckf\u00fchrung<\/b><br \/>Diese Sektion optimiert den Wasserverbrauch durch Wiederverwendung und Filterung des Wassers w\u00e4hrend des Waschvorgangs, wodurch die Umweltbelastung verringert und die Betriebskosten niedrig gehalten werden.<\/p>\n<p><strong>3.\u00a0<\/strong><b>\u00a0Frischwassersp\u00fclung<\/b><br \/>Eine Frischwassersp\u00fclung gew\u00e4hrleistet, dass alle Produkte sauber und frei von R\u00fcckst\u00e4nden aus dem Waschprozess sind, um den h\u00f6chsten Hygienestandards zu entsprechen.<\/p>\n<p><strong>4.\u00a0<\/strong><b>Abblasesektion<\/b><br \/>Die effiziente Abblasestrecke sorgt f\u00fcr eine schnelle und gr\u00fcndliche Wasserentfernung, verk\u00fcrzt die Trocknungszeit und erh\u00f6ht die Produktionsgeschwindigkeit.<\/p>\n<\/div>\n<p><img decoding=\"async\" src=\"\/wp-content\/uploads\/2024\/10\/high-capacity-tray-and-crate-washer-for-the-confectionery-industry-3.png\" alt=\"\"><\/p>\n<h1>\n<h2 style=\"text-align: center;\">Sehen Sie unsere Maschinen in Aktion<\/h2>\n<\/h1>\n<p><iframe src=\"\/%3Ciframe%20width=\"560\" height=\"315\" src=\"https:\/\/www.youtube.com\/embed\/vDXSRztRnss?si=LoCt3t82ecE1fWQ6\" title=\"YouTube video player\" frameborder=\"0\" allow=\"accelerometer; autoplay; clipboard-write; encrypted-media; gyroscope; picture-in-picture; web-share\" referrerpolicy=\"strict-origin-when-cross-origin\" allowfullscreen><\/iframe>&#8222;><\/iframe><br \/>\n<iframe src=\"\/%3Ciframe%20width=\"560\" height=\"315\" src=\"https:\/\/www.youtube.com\/embed\/OVLXndI8TdM?si=8qUuJi1L2luiERuv\" title=\"YouTube video player\" frameborder=\"0\" allow=\"accelerometer; autoplay; clipboard-write; encrypted-media; gyroscope; picture-in-picture; web-share\" referrerpolicy=\"strict-origin-when-cross-origin\" allowfullscreen><\/iframe>&#8222;><\/iframe><\/p>\n<div>\n<h3 style=\"text-align: center;\">Kontaktieren Sie Nicolai, um zu erfahren, wie unsere Maschine<br \/>Ihren Prozess optimieren kann.<\/h3>\n<\/div>\n<p><img decoding=\"async\" src=\"\/wp-content\/uploads\/2023\/03\/Nicolai_3490.jpg\" alt=\"\"><\/p>\n<div>\n<p style=\"text-align: center;\"><strong>Nicolai Meyendorff<\/strong><br \/>Verkaufsleiter \u2013 Food\/nonfood<br \/>Mediclean Solutions<\/p>\n<p style=\"text-align: center;\">Direkt: +45 49 25 25 16<br \/>Mobile: +45 24 41 45 19<br \/>E-mail:\u00a0nm@semistaal.dk<\/p>\n<\/div>\n<p><!--more--><br \/>\n<!-- {\"type\":\"layout\",\"children\":[{\"type\":\"section\",\"props\":{\"height\":\"section\",\"height_offset_top\":true,\"image_position\":\"center-center\",\"media_focal_point\":\"top-center\",\"padding_remove_bottom\":true,\"padding_remove_top\":true,\"style\":\"default\",\"title_breakpoint\":\"xl\",\"title_position\":\"top-left\",\"title_rotation\":\"left\",\"vertical_align\":\"middle\",\"video\":\"wp-content\\\/uploads\\\/2024\\\/10\\\/1014-1.mp4\",\"width\":\"\"},\"children\":[{\"type\":\"row\",\"children\":[{\"type\":\"column\",\"props\":{\"image_position\":\"center-center\",\"position_sticky_breakpoint\":\"m\"}}]}],\"name\":\"Image full width responsive\"},{\"type\":\"section\",\"props\":{\"image_position\":\"center-center\",\"padding_remove_bottom\":true,\"style\":\"muted\",\"title_breakpoint\":\"xl\",\"title_position\":\"top-left\",\"title_rotation\":\"left\",\"vertical_align\":\"middle\",\"width\":\"default\"},\"children\":[{\"type\":\"row\",\"children\":[{\"type\":\"column\",\"props\":{\"image_position\":\"center-center\",\"position_sticky_breakpoint\":\"m\"},\"children\":[{\"type\":\"headline\",\"props\":{\"content\":\"\n\n<div style=\\\"text-align: center;\\\">\\n\n\n<p class=\\\"p1\\\">HYGIENE UND LEBENSMITTELSICHERHEIT<br \\\/>f\\u00fcr die S\\u00fc\\u00dfwarenindustrie<\\\/p>\\n<\\\/div>\",\"css\":\"@media (max-width: 640px) { \\n    .el-element {\\nfont-size:28px;\\n    }\\n}\",\"title_element\":\"h1\"}}]}]}]},{\"type\":\"section\",\"props\":{\"image_position\":\"center-center\",\"padding_remove_top\":false,\"style\":\"muted\",\"title_breakpoint\":\"xl\",\"title_position\":\"top-left\",\"title_rotation\":\"left\",\"vertical_align\":\"middle\",\"width\":\"default\"},\"children\":[{\"type\":\"row\",\"children\":[{\"type\":\"column\",\"props\":{\"image_position\":\"center-center\",\"position_sticky_breakpoint\":\"m\",\"width_medium\":\"1-2\"},\"children\":[{\"type\":\"text\",\"props\":{\"column_breakpoint\":\"m\",\"content\":\"\n\n<p><b>Halten Sie Ihren Prozess so sauber wie Ihr Produkt mit unseren leistungsstarken TablettSchalen- und KorbKartonwaschmaschinen f\\u00fcr die S\\u00fc\\u00dfwarenindustrie<\\\/b><\\\/p>\\n\n\n<p>Diese leistungsstarke Maschine verf\\u00fcgt \\u00fcber zwei einzelne Bahnen, die einen effizienten Betrieb bei geringem Wasserverbrauch gew\\u00e4hrleisten. Das hygienische Design verf\\u00fcgt \\u00fcber einen anhebbaren Deckel, der einen vollst\\u00e4ndigen Zugang zum Innenraum f\\u00fcr eine einfache und gr\\u00fcndliche Reinigung erm\\u00f6glicht.<\\\/p>\\n\n\n<p>Die Maschine garantiert jedes Mal ein hygienisches Ergebnis, und mit der M\\u00f6glichkeit, Verbrauchsdaten zu sammeln, k\\u00f6nnen Sie Ihre Prozesse leicht \\u00fcberwachen und optimieren, um maximale Effizienz zu erreichen.<\\\/p>\\n\n\n<p><\\\/p>\",\"margin\":\"default\",\"maxwidth\":\"2xlarge\"}}]},{\"type\":\"column\",\"props\":{\"image_position\":\"center-center\",\"position_sticky_breakpoint\":\"m\",\"width_medium\":\"1-2\"},\"children\":[{\"type\":\"text\",\"props\":{\"column_breakpoint\":\"m\",\"content\":\"\n\n<h4>Vorteile, die Ihnen gefallen werden:<\\\/h4>\\n\n\n<ul>\\n\n\n<li>\\n\n\n<p>Reinigungssystem mit hoher Kapazit\\u00e4t f\\u00fcr maximale Effizienz<\\\/p>\\n<\\\/li>\\n\n\n<li>\\n\n\n<p>Hygienisches Design mit vollem Zugang zum Innenraum der Maschine mit anhebbarem Oberteil<\\\/p>\\n<\\\/li>\\n\n\n<li>\\n\n\n<p>Entspricht allen Vorschriften zur Lebensmittelsicherheit<\\\/p>\\n<\\\/li>\\n\n\n<li>\\n\n\n<p>Garantiert hygienisches Ergebnis<\\\/p>\\n<\\\/li>\\n\n\n<li>\\n\n\n<p>Niedriger Wasserverbrauch<\\\/p>\\n<\\\/li>\\n\n\n<li>\\n\n\n<p>Sammlung von Verbrauchsdaten<\\\/p>\\n<\\\/li>\\n<\\\/ul>\",\"margin\":\"default\",\"text_color\":\"warning\"}}]}],\"props\":{\"column_gap\":\"large\",\"layout\":\"1-2,1-2\"}}]},{\"type\":\"section\",\"props\":{\"image_position\":\"center-center\",\"padding_remove_bottom\":false,\"style\":\"default\",\"title_breakpoint\":\"xl\",\"title_position\":\"top-left\",\"title_rotation\":\"left\",\"vertical_align\":\"middle\",\"width\":\"default\"},\"children\":[{\"type\":\"row\",\"props\":{\"alignment\":\"center\",\"column_gap\":\"large\",\"layout\":\"1-2,1-2\"},\"children\":[{\"type\":\"column\",\"props\":{\"image_position\":\"center-center\",\"position_sticky_breakpoint\":\"m\",\"width_medium\":\"1-2\"},\"children\":[{\"type\":\"text\",\"props\":{\"column_breakpoint\":\"m\",\"content\":\"\n\n<p><b>Basierend auf unserer 50-j\\u00e4hrigen Erfahrung<\\\/b><\\\/p>\\n\n\n<p>Wir haben eine L\\u00f6sung entwickelt, die Zuverl\\u00e4ssigkeit und Effizienz bietet und der S\\u00fc\\u00dfwarenindustrie hilft, die h\\u00f6chsten Hygienestandards einzuhalten und gleichzeitig den Ressourcenverbrauch zu minimieren. Jeder Aspekt des Waschprozesses ist darauf ausgelegt, Leistung und Sauberkeit zu optimieren.<\\\/p>\\n\n\n<p>Dieses Engagement spiegelt sich in jeder Phase der L\\u00f6sung wider:<\\\/p>\\n\n\n<p><strong>1. R<\\\/strong><b>ezirkulierende Vorwaschung<\\\/b><\\\/p>\\n\n\n<p>Die Vorw\\u00e4sche im Kreislauf entfernt effektiv losen Schmutz und anf\\u00e4ngliche R\\u00fcckst\\u00e4nde und bereitet das Waschgut auf die Hauptw\\u00e4sche vor. Dabei wird der Wasserverbrauch durch Wiederverwendung minimiert.<\\\/p>\\n\n\n<p><strong>2.\\u00a0<\\\/strong><b>Waschbereich mit R\\u00fcckf\\u00fchrung<\\\/b><br \\\/>Diese Sektion optimiert den Wasserverbrauch durch Wiederverwendung und Filterung des Wassers w\\u00e4hrend des Waschvorgangs, wodurch die Umweltbelastung verringert und die Betriebskosten niedrig gehalten werden.<\\\/p>\\n\n\n<p><strong>3.\\u00a0<\\\/strong><b>\\u00a0Frischwassersp\\u00fclung<\\\/b><br \\\/>Eine Frischwassersp\\u00fclung gew\\u00e4hrleistet, dass alle Produkte sauber und frei von R\\u00fcckst\\u00e4nden aus dem Waschprozess sind, um den h\\u00f6chsten Hygienestandards zu entsprechen.<\\\/p>\\n\n\n<p><strong>4.\\u00a0<\\\/strong><b>Abblasesektion<\\\/b><br \\\/>Die effiziente Abblasestrecke sorgt f\\u00fcr eine schnelle und gr\\u00fcndliche Wasserentfernung, verk\\u00fcrzt die Trocknungszeit und erh\\u00f6ht die Produktionsgeschwindigkeit.<\\\/p>\",\"margin\":\"remove-vertical\",\"maxwidth\":\"2xlarge\"}}]},{\"type\":\"column\",\"props\":{\"image_position\":\"center-center\",\"position_sticky_breakpoint\":\"m\",\"width_medium\":\"1-2\"},\"children\":[{\"type\":\"image\",\"props\":{\"animation\":\"slide-right\",\"image\":\"wp-content\\\/uploads\\\/2024\\\/10\\\/high-capacity-tray-and-crate-washer-for-the-confectionery-industry-3.png\",\"image_svg_color\":\"emphasis\",\"image_svg_inline\":false,\"margin\":\"remove-vertical\",\"position_left\":\"0\",\"position_top\":\"0\"}}]}]}]},{\"type\":\"section\",\"props\":{\"image_position\":\"center-center\",\"style\":\"muted\",\"title_breakpoint\":\"xl\",\"title_position\":\"top-left\",\"title_rotation\":\"left\",\"vertical_align\":\"middle\",\"width\":\"default\"},\"children\":[{\"type\":\"row\",\"children\":[{\"type\":\"column\",\"props\":{\"image_position\":\"center-center\",\"position_sticky_breakpoint\":\"m\"},\"children\":[{\"type\":\"headline\",\"props\":{\"content\":\"\n\n<h2 style=\\\"text-align: center;\\\">Sehen Sie unsere Maschinen in Aktion<\\\/h2>\",\"title_element\":\"h1\"}}]}]},{\"type\":\"row\",\"children\":[{\"type\":\"column\",\"props\":{\"image_position\":\"center-center\",\"position_sticky_breakpoint\":\"m\",\"width_medium\":\"1-2\"},\"children\":[{\"type\":\"video\",\"props\":{\"margin\":\"default\",\"video\":\"<iframe width=\\\"560\\\" height=\\\"315\\\" src=\\\"https:\\\/\\\/www.youtube.com\\\/embed\\\/vDXSRztRnss?si=LoCt3t82ecE1fWQ6\\\" title=\\\"YouTube video player\\\" frameborder=\\\"0\\\" allow=\\\"accelerometer; autoplay; clipboard-write; encrypted-media; gyroscope; picture-in-picture; web-share\\\" referrerpolicy=\\\"strict-origin-when-cross-origin\\\" allowfullscreen><\\\/iframe>\",\"video_controls\":true,\"video_height\":\"400\"}}]},{\"type\":\"column\",\"props\":{\"image_position\":\"center-center\",\"position_sticky_breakpoint\":\"m\",\"width_medium\":\"1-2\"},\"children\":[{\"type\":\"video\",\"props\":{\"margin\":\"default\",\"text_align\":\"center\",\"video\":\"<iframe width=\\\"560\\\" height=\\\"315\\\" src=\\\"https:\\\/\\\/www.youtube.com\\\/embed\\\/OVLXndI8TdM?si=8qUuJi1L2luiERuv\\\" title=\\\"YouTube video player\\\" frameborder=\\\"0\\\" allow=\\\"accelerometer; autoplay; clipboard-write; encrypted-media; gyroscope; picture-in-picture; web-share\\\" referrerpolicy=\\\"strict-origin-when-cross-origin\\\" allowfullscreen><\\\/iframe>\",\"video_controls\":true,\"video_height\":\"400\"}}]}],\"props\":{\"layout\":\"1-2,1-2\"}}]},{\"type\":\"section\",\"props\":{\"image_position\":\"center-center\",\"style\":\"default\",\"title_breakpoint\":\"xl\",\"title_position\":\"top-left\",\"title_rotation\":\"left\",\"vertical_align\":\"middle\",\"width\":\"default\"},\"children\":[{\"type\":\"row\",\"children\":[{\"type\":\"column\",\"props\":{\"image_position\":\"center-center\",\"position_sticky_breakpoint\":\"m\"},\"children\":[{\"type\":\"text\",\"props\":{\"column_breakpoint\":\"m\",\"content\":\"\n\n<h3 style=\\\"text-align: center;\\\">Kontaktieren Sie Nicolai, um zu erfahren, wie unsere Maschine<br \\\/>Ihren Prozess optimieren kann.<\\\/h3>\",\"margin\":\"large\"}},{\"type\":\"image\",\"props\":{\"image\":\"wp-content\\\/uploads\\\/2023\\\/03\\\/Nicolai_3490.jpg\",\"image_border\":\"circle\",\"image_svg_color\":\"emphasis\",\"image_width\":\"160\",\"margin\":\"default\",\"margin_remove_bottom\":false,\"margin_remove_top\":false,\"text_align\":\"center\"}},{\"type\":\"text\",\"props\":{\"column_breakpoint\":\"m\",\"content\":\"\n\n<p style=\\\"text-align: center;\\\"><strong>Nicolai Meyendorff<\\\/strong><br \\\/>Verkaufsleiter \\u2013 Food\\\/nonfood<br \\\/>Mediclean Solutions<\\\/p>\\n\n\n<p style=\\\"text-align: center;\\\">Direkt: +45 49 25 25 16<br \\\/>Mobile: +45 24 41 45 19<br \\\/>E-mail:\\u00a0nm@semistaal.dk<\\\/p>\",\"css\":\"<img height=\\\"1\\\" width=\\\"1\\\" style=\\\"display:none;\\\" alt=\\\"\\\" src=\\\"https:\\\/\\\/px.ads.linkedin.com\\\/collect\\\/?pid=7734473&conversionId=19987313&fmt=gif\\\" \\\/>\",\"margin\":\"default\"}}]}]}],\"name\":\"Vil du vide mere UK - NM, HB, AR\"}],\"version\":\"4.3.5\",\"yooessentialsVersion\":\"2.2.22\"} --><\/p>\n","protected":false},"excerpt":{"rendered":"<p>HYGIENE UND LEBENSMITTELSICHERHEITf\u00fcr die S\u00fc\u00dfwarenindustrie Halten Sie Ihren Prozess so sauber wie Ihr Produkt mit unseren leistungsstarken TablettSchalen- und KorbKartonwaschmaschinen f\u00fcr die S\u00fc\u00dfwarenindustrie Diese leistungsstarke Maschine verf\u00fcgt \u00fcber zwei einzelne Bahnen, die einen effizienten Betrieb bei geringem Wasserverbrauch gew\u00e4hrleisten. Das hygienische Design verf\u00fcgt \u00fcber einen anhebbaren Deckel, der einen vollst\u00e4ndigen Zugang zum Innenraum f\u00fcr eine [&hellip;]<\/p>\n","protected":false},"author":8,"featured_media":0,"parent":0,"menu_order":6,"comment_status":"closed","ping_status":"closed","template":"","meta":{"footnotes":""},"class_list":["post-9708","page","type-page","status-publish","hentry"],"yoast_head":"<!-- This site is optimized with the Yoast SEO plugin v27.4 - https:\/\/yoast.com\/product\/yoast-seo-wordpress\/ -->\n<title>- Schokolade SEMI STAAL A\/S<\/title>\n<meta name=\"description\" content=\"SEMI STAAL entwickelt, fertigt und installiert kundenspezifische Wasch- und Handhabungssysteme f\u00fcr die Lebensmittel-, Krankenhaus- und Pharmaindustrie\" \/>\n<meta name=\"robots\" content=\"index, follow, max-snippet:-1, max-image-preview:large, max-video-preview:-1\" \/>\n<link rel=\"canonical\" href=\"https:\/\/semistaal.com\/de\/schokoladen-kampagne\/\" \/>\n<meta property=\"og:locale\" content=\"de_DE\" \/>\n<meta property=\"og:type\" content=\"article\" \/>\n<meta property=\"og:title\" content=\"- Schokolade SEMI STAAL A\/S\" \/>\n<meta property=\"og:description\" content=\"SEMI STAAL entwickelt, fertigt und installiert kundenspezifische Wasch- und Handhabungssysteme f\u00fcr die Lebensmittel-, Krankenhaus- und Pharmaindustrie\" \/>\n<meta property=\"og:url\" content=\"https:\/\/semistaal.com\/de\/schokoladen-kampagne\/\" \/>\n<meta property=\"og:site_name\" content=\"SEMI STAAL A\/S\" \/>\n<meta property=\"article:modified_time\" content=\"2025-02-28T10:54:37+00:00\" \/>\n<meta name=\"twitter:card\" content=\"summary_large_image\" \/>\n<meta name=\"twitter:label1\" content=\"Gesch\u00e4tzte Lesezeit\" \/>\n\t<meta name=\"twitter:data1\" content=\"2\u00a0Minuten\" \/>\n<script type=\"application\/ld+json\" class=\"yoast-schema-graph\">{\"@context\":\"https:\\\/\\\/schema.org\",\"@graph\":[{\"@type\":\"WebPage\",\"@id\":\"https:\\\/\\\/semistaal.com\\\/de\\\/schokoladen-kampagne\\\/\",\"url\":\"https:\\\/\\\/semistaal.com\\\/de\\\/schokoladen-kampagne\\\/\",\"name\":\"- Schokolade SEMI STAAL A\\\/S\",\"isPartOf\":{\"@id\":\"https:\\\/\\\/semistaal.com\\\/de\\\/#website\"},\"datePublished\":\"2025-01-31T13:05:59+00:00\",\"dateModified\":\"2025-02-28T10:54:37+00:00\",\"description\":\"SEMI STAAL entwickelt, fertigt und installiert kundenspezifische Wasch- und Handhabungssysteme f\u00fcr die Lebensmittel-, Krankenhaus- und Pharmaindustrie\",\"breadcrumb\":{\"@id\":\"https:\\\/\\\/semistaal.com\\\/de\\\/schokoladen-kampagne\\\/#breadcrumb\"},\"inLanguage\":\"de\",\"potentialAction\":[{\"@type\":\"ReadAction\",\"target\":[\"https:\\\/\\\/semistaal.com\\\/de\\\/schokoladen-kampagne\\\/\"]}]},{\"@type\":\"BreadcrumbList\",\"@id\":\"https:\\\/\\\/semistaal.com\\\/de\\\/schokoladen-kampagne\\\/#breadcrumb\",\"itemListElement\":[{\"@type\":\"ListItem\",\"position\":1,\"name\":\"Home\",\"item\":\"https:\\\/\\\/semistaal.com\\\/de\\\/\"},{\"@type\":\"ListItem\",\"position\":2,\"name\":\"Schokoladen-Kampagne\"}]},{\"@type\":\"WebSite\",\"@id\":\"https:\\\/\\\/semistaal.com\\\/de\\\/#website\",\"url\":\"https:\\\/\\\/semistaal.com\\\/de\\\/\",\"name\":\"SEMI STAAL A\\\/S\",\"description\":\"Cleaning &amp; Automation\",\"potentialAction\":[{\"@type\":\"SearchAction\",\"target\":{\"@type\":\"EntryPoint\",\"urlTemplate\":\"https:\\\/\\\/semistaal.com\\\/de\\\/?s={search_term_string}\"},\"query-input\":{\"@type\":\"PropertyValueSpecification\",\"valueRequired\":true,\"valueName\":\"search_term_string\"}}],\"inLanguage\":\"de\"}]}<\/script>\n<!-- \/ Yoast SEO plugin. -->","yoast_head_json":{"title":"- Schokolade SEMI STAAL A\/S","description":"SEMI STAAL entwickelt, fertigt und installiert kundenspezifische Wasch- und Handhabungssysteme f\u00fcr die Lebensmittel-, Krankenhaus- und Pharmaindustrie","robots":{"index":"index","follow":"follow","max-snippet":"max-snippet:-1","max-image-preview":"max-image-preview:large","max-video-preview":"max-video-preview:-1"},"canonical":"https:\/\/semistaal.com\/de\/schokoladen-kampagne\/","og_locale":"de_DE","og_type":"article","og_title":"- Schokolade SEMI STAAL A\/S","og_description":"SEMI STAAL entwickelt, fertigt und installiert kundenspezifische Wasch- und Handhabungssysteme f\u00fcr die Lebensmittel-, Krankenhaus- und Pharmaindustrie","og_url":"https:\/\/semistaal.com\/de\/schokoladen-kampagne\/","og_site_name":"SEMI STAAL A\/S","article_modified_time":"2025-02-28T10:54:37+00:00","twitter_card":"summary_large_image","twitter_misc":{"Gesch\u00e4tzte Lesezeit":"2\u00a0Minuten"},"schema":{"@context":"https:\/\/schema.org","@graph":[{"@type":"WebPage","@id":"https:\/\/semistaal.com\/de\/schokoladen-kampagne\/","url":"https:\/\/semistaal.com\/de\/schokoladen-kampagne\/","name":"- Schokolade SEMI STAAL A\/S","isPartOf":{"@id":"https:\/\/semistaal.com\/de\/#website"},"datePublished":"2025-01-31T13:05:59+00:00","dateModified":"2025-02-28T10:54:37+00:00","description":"SEMI STAAL entwickelt, fertigt und installiert kundenspezifische Wasch- und Handhabungssysteme f\u00fcr die Lebensmittel-, Krankenhaus- und Pharmaindustrie","breadcrumb":{"@id":"https:\/\/semistaal.com\/de\/schokoladen-kampagne\/#breadcrumb"},"inLanguage":"de","potentialAction":[{"@type":"ReadAction","target":["https:\/\/semistaal.com\/de\/schokoladen-kampagne\/"]}]},{"@type":"BreadcrumbList","@id":"https:\/\/semistaal.com\/de\/schokoladen-kampagne\/#breadcrumb","itemListElement":[{"@type":"ListItem","position":1,"name":"Home","item":"https:\/\/semistaal.com\/de\/"},{"@type":"ListItem","position":2,"name":"Schokoladen-Kampagne"}]},{"@type":"WebSite","@id":"https:\/\/semistaal.com\/de\/#website","url":"https:\/\/semistaal.com\/de\/","name":"SEMI STAAL A\/S","description":"Cleaning &amp; Automation","potentialAction":[{"@type":"SearchAction","target":{"@type":"EntryPoint","urlTemplate":"https:\/\/semistaal.com\/de\/?s={search_term_string}"},"query-input":{"@type":"PropertyValueSpecification","valueRequired":true,"valueName":"search_term_string"}}],"inLanguage":"de"}]}},"_links":{"self":[{"href":"https:\/\/semistaal.com\/de\/wp-json\/wp\/v2\/pages\/9708","targetHints":{"allow":["GET"]}}],"collection":[{"href":"https:\/\/semistaal.com\/de\/wp-json\/wp\/v2\/pages"}],"about":[{"href":"https:\/\/semistaal.com\/de\/wp-json\/wp\/v2\/types\/page"}],"author":[{"embeddable":true,"href":"https:\/\/semistaal.com\/de\/wp-json\/wp\/v2\/users\/8"}],"replies":[{"embeddable":true,"href":"https:\/\/semistaal.com\/de\/wp-json\/wp\/v2\/comments?post=9708"}],"version-history":[{"count":0,"href":"https:\/\/semistaal.com\/de\/wp-json\/wp\/v2\/pages\/9708\/revisions"}],"wp:attachment":[{"href":"https:\/\/semistaal.com\/de\/wp-json\/wp\/v2\/media?parent=9708"}],"curies":[{"name":"wp","href":"https:\/\/api.w.org\/{rel}","templated":true}]}}