{"id":10127,"date":"2025-05-02T13:07:00","date_gmt":"2025-05-02T13:07:00","guid":{"rendered":"https:\/\/semistaal.com\/iso-zertifizierte-qualitaet-umwelt-und-arbeitssicherheit\/"},"modified":"2025-05-02T13:09:02","modified_gmt":"2025-05-02T13:09:02","slug":"iso-zertifizierte-qualitaet-umwelt-und-arbeitssicherheit","status":"publish","type":"page","link":"https:\/\/semistaal.com\/de\/iso-zertifizierte-qualitaet-umwelt-und-arbeitssicherheit\/","title":{"rendered":"ISO-zertifizierte Qualit\u00e4t, Umwelt und Arbeitssicherheit"},"content":{"rendered":"<h1>\n<h1 class=\"uk-article-title\">ISO-zertifizierte Qualit\u00e4t, Umwelt und Arbeitssicherheit<\/h1>\n<\/h1>\n<hr>\n<div>\n<p class=\"\" data-start=\"60\" data-end=\"183\"><strong data-start=\"123\" data-end=\"183\">ISO-zertifizierte Qualit\u00e4t, Umwelt und Arbeitssicherheit<\/strong><\/p>\n<p class=\"\" data-start=\"185\" data-end=\"558\">Bei Semi Staal sind Qualit\u00e4t, Nachhaltigkeit und Arbeitssicherheit keine Zusatzoptionen \u2013 sie sind ein integraler Bestandteil unserer Arbeitsweise.<br data-start=\"332\" data-end=\"335\" \/>Unsere L\u00f6sungen sind nicht nur darauf ausgelegt, effizient und zuverl\u00e4ssig zu sein \u2013 sie sollen auch verantwortungsbewusstes Handeln bei unseren Kunden unterst\u00fctzen und einen positiven Beitrag f\u00fcr Mensch und Umwelt leisten.<\/p>\n<p class=\"\" data-start=\"560\" data-end=\"765\">Wir sind nach drei wichtigen internationalen Standards zertifiziert:<br data-start=\"628\" data-end=\"631\" \/>\u2705<span>\u00a0<\/span><strong data-start=\"633\" data-end=\"645\">ISO 9001<\/strong><span>\u00a0<\/span>\u2013 Qualit\u00e4tsmanagement<br data-start=\"667\" data-end=\"670\" \/>\u2705<span>\u00a0<\/span><strong data-start=\"672\" data-end=\"685\">ISO 14001<\/strong><span>\u00a0<\/span>\u2013 Umweltmanagement<br data-start=\"704\" data-end=\"707\" \/>\u2705<span>\u00a0<\/span><strong data-start=\"709\" data-end=\"722\">ISO 45001<\/strong><span>\u00a0<\/span>\u2013 Arbeits- und Gesundheitsschutzmanagement<\/p>\n<p class=\"\" data-start=\"767\" data-end=\"1049\">Diese Zertifizierungen sind das Ergebnis intensiver interner Bem\u00fchungen und einer externen Validierung. Sie best\u00e4tigen, dass unsere Prozesse hohe internationale Anforderungen erf\u00fcllen \u2013 und noch wichtiger: Sie best\u00e4tigen die Praxis, nach der wir bereits seit vielen Jahren arbeiten.<\/p>\n<p class=\"\" data-start=\"1051\" data-end=\"1368\">Wir entwickeln und liefern Wasch- und Handhabungssysteme, die den Wasser- und Energieverbrauch senken, manuelle Handhabung minimieren und die Hygienesicherheit erh\u00f6hen. Das bedeutet, dass unsere L\u00f6sungen direkt zur ESG-Strategie unserer Kunden beitragen \u2013 und uns selbst verpflichten, mit gutem Beispiel voranzugehen.<\/p>\n<p class=\"\" data-start=\"1370\" data-end=\"1555\">Die ISO-Zertifizierung ist ein nat\u00fcrlicher Schritt in unserer langfristigen Strategie, Verantwortung systematisch und transparent entlang der gesamten Wertsch\u00f6pfungskette zu \u00fcbernehmen.<\/p>\n<\/div>\n<p><!--more--><br \/>\n<!-- {\"type\":\"layout\",\"children\":[{\"type\":\"section\",\"props\":{\"image_position\":\"center-center\",\"padding\":\"large\",\"padding_remove_bottom\":true,\"style\":\"muted\",\"title_breakpoint\":\"xl\",\"title_position\":\"top-left\",\"title_rotation\":\"left\",\"vertical_align\":\"middle\",\"width\":\"default\"},\"children\":[{\"type\":\"row\",\"children\":[{\"type\":\"column\",\"props\":{\"image_position\":\"center-center\",\"position_sticky_breakpoint\":\"m\"},\"children\":[{\"type\":\"headline\",\"props\":{\"content\":\"\n\n<h1 class=\\\"uk-article-title\\\">ISO-zertifizierte Qualit\\u00e4t, Umwelt und Arbeitssicherheit<\\\/h1>\",\"title_element\":\"h1\"}},{\"type\":\"divider\",\"props\":{\"divider_element\":\"hr\",\"divider_style\":\"icon\"}}]}]},{\"type\":\"row\",\"children\":[{\"type\":\"column\",\"props\":{\"image_position\":\"center-center\",\"position_sticky_breakpoint\":\"m\"},\"children\":[{\"type\":\"text\",\"props\":{\"column_breakpoint\":\"m\",\"content\":\"\n\n<p class=\\\"\\\" data-start=\\\"60\\\" data-end=\\\"183\\\"><strong data-start=\\\"123\\\" data-end=\\\"183\\\">ISO-zertifizierte Qualit\\u00e4t, Umwelt und Arbeitssicherheit<\\\/strong><\\\/p>\\n\n\n<p class=\\\"\\\" data-start=\\\"185\\\" data-end=\\\"558\\\">Bei Semi Staal sind Qualit\\u00e4t, Nachhaltigkeit und Arbeitssicherheit keine Zusatzoptionen \\u2013 sie sind ein integraler Bestandteil unserer Arbeitsweise.<br data-start=\\\"332\\\" data-end=\\\"335\\\" \\\/>Unsere L\\u00f6sungen sind nicht nur darauf ausgelegt, effizient und zuverl\\u00e4ssig zu sein \\u2013 sie sollen auch verantwortungsbewusstes Handeln bei unseren Kunden unterst\\u00fctzen und einen positiven Beitrag f\\u00fcr Mensch und Umwelt leisten.<\\\/p>\\n\n\n<p class=\\\"\\\" data-start=\\\"560\\\" data-end=\\\"765\\\">Wir sind nach drei wichtigen internationalen Standards zertifiziert:<br data-start=\\\"628\\\" data-end=\\\"631\\\" \\\/>\\u2705<span>\\u00a0<\\\/span><strong data-start=\\\"633\\\" data-end=\\\"645\\\">ISO 9001<\\\/strong><span>\\u00a0<\\\/span>\\u2013 Qualit\\u00e4tsmanagement<br data-start=\\\"667\\\" data-end=\\\"670\\\" \\\/>\\u2705<span>\\u00a0<\\\/span><strong data-start=\\\"672\\\" data-end=\\\"685\\\">ISO 14001<\\\/strong><span>\\u00a0<\\\/span>\\u2013 Umweltmanagement<br data-start=\\\"704\\\" data-end=\\\"707\\\" \\\/>\\u2705<span>\\u00a0<\\\/span><strong data-start=\\\"709\\\" data-end=\\\"722\\\">ISO 45001<\\\/strong><span>\\u00a0<\\\/span>\\u2013 Arbeits- und Gesundheitsschutzmanagement<\\\/p>\\n\n\n<p class=\\\"\\\" data-start=\\\"767\\\" data-end=\\\"1049\\\">Diese Zertifizierungen sind das Ergebnis intensiver interner Bem\\u00fchungen und einer externen Validierung. Sie best\\u00e4tigen, dass unsere Prozesse hohe internationale Anforderungen erf\\u00fcllen \\u2013 und noch wichtiger: Sie best\\u00e4tigen die Praxis, nach der wir bereits seit vielen Jahren arbeiten.<\\\/p>\\n\n\n<p class=\\\"\\\" data-start=\\\"1051\\\" data-end=\\\"1368\\\">Wir entwickeln und liefern Wasch- und Handhabungssysteme, die den Wasser- und Energieverbrauch senken, manuelle Handhabung minimieren und die Hygienesicherheit erh\\u00f6hen. Das bedeutet, dass unsere L\\u00f6sungen direkt zur ESG-Strategie unserer Kunden beitragen \\u2013 und uns selbst verpflichten, mit gutem Beispiel voranzugehen.<\\\/p>\\n\n\n<p class=\\\"\\\" data-start=\\\"1370\\\" data-end=\\\"1555\\\">Die ISO-Zertifizierung ist ein nat\\u00fcrlicher Schritt in unserer langfristigen Strategie, Verantwortung systematisch und transparent entlang der gesamten Wertsch\\u00f6pfungskette zu \\u00fcbernehmen.<\\\/p>\",\"margin\":\"default\"}}]}]}],\"name\":\"Kontakt headline + divider\"}],\"version\":\"4.3.5\"} --><\/p>\n","protected":false},"excerpt":{"rendered":"<p>ISO-zertifizierte Qualit\u00e4t, Umwelt und Arbeitssicherheit ISO-zertifizierte Qualit\u00e4t, Umwelt und Arbeitssicherheit Bei Semi Staal sind Qualit\u00e4t, Nachhaltigkeit und Arbeitssicherheit keine Zusatzoptionen \u2013 sie sind ein integraler Bestandteil unserer Arbeitsweise.Unsere L\u00f6sungen sind nicht nur darauf ausgelegt, effizient und zuverl\u00e4ssig zu sein \u2013 sie sollen auch verantwortungsbewusstes Handeln bei unseren Kunden unterst\u00fctzen und einen positiven Beitrag f\u00fcr Mensch [&hellip;]<\/p>\n","protected":false},"author":8,"featured_media":0,"parent":0,"menu_order":0,"comment_status":"closed","ping_status":"closed","template":"","meta":{"footnotes":""},"class_list":["post-10127","page","type-page","status-publish","hentry"],"yoast_head":"<!-- This site is optimized with the Yoast SEO plugin v27.3 - https:\/\/yoast.com\/product\/yoast-seo-wordpress\/ -->\n<title>ISO-zertifizierte Qualit\u00e4t, Umwelt und Arbeitssicherheit - SEMI STAAL A\/S<\/title>\n<meta name=\"robots\" content=\"index, follow, max-snippet:-1, max-image-preview:large, max-video-preview:-1\" \/>\n<link rel=\"canonical\" href=\"https:\/\/semistaal.com\/de\/iso-zertifizierte-qualitaet-umwelt-und-arbeitssicherheit\/\" \/>\n<meta property=\"og:locale\" content=\"de_DE\" \/>\n<meta property=\"og:type\" content=\"article\" \/>\n<meta property=\"og:title\" content=\"ISO-zertifizierte Qualit\u00e4t, Umwelt und Arbeitssicherheit - SEMI STAAL A\/S\" \/>\n<meta property=\"og:description\" content=\"ISO-zertifizierte Qualit\u00e4t, Umwelt und Arbeitssicherheit ISO-zertifizierte Qualit\u00e4t, Umwelt und Arbeitssicherheit Bei Semi Staal sind Qualit\u00e4t, Nachhaltigkeit und Arbeitssicherheit keine Zusatzoptionen \u2013 sie sind ein integraler Bestandteil unserer Arbeitsweise.Unsere L\u00f6sungen sind nicht nur darauf ausgelegt, effizient und zuverl\u00e4ssig zu sein \u2013 sie sollen auch verantwortungsbewusstes Handeln bei unseren Kunden unterst\u00fctzen und einen positiven Beitrag f\u00fcr Mensch [&hellip;]\" \/>\n<meta property=\"og:url\" content=\"https:\/\/semistaal.com\/de\/iso-zertifizierte-qualitaet-umwelt-und-arbeitssicherheit\/\" \/>\n<meta property=\"og:site_name\" content=\"SEMI STAAL A\/S\" \/>\n<meta property=\"article:modified_time\" content=\"2025-05-02T13:09:02+00:00\" \/>\n<meta name=\"twitter:card\" content=\"summary_large_image\" \/>\n<meta name=\"twitter:label1\" content=\"Gesch\u00e4tzte Lesezeit\" \/>\n\t<meta name=\"twitter:data1\" content=\"1\u00a0Minute\" \/>\n<script type=\"application\/ld+json\" class=\"yoast-schema-graph\">{\"@context\":\"https:\\\/\\\/schema.org\",\"@graph\":[{\"@type\":\"WebPage\",\"@id\":\"https:\\\/\\\/semistaal.com\\\/de\\\/iso-zertifizierte-qualitaet-umwelt-und-arbeitssicherheit\\\/\",\"url\":\"https:\\\/\\\/semistaal.com\\\/de\\\/iso-zertifizierte-qualitaet-umwelt-und-arbeitssicherheit\\\/\",\"name\":\"ISO-zertifizierte Qualit\u00e4t, Umwelt und Arbeitssicherheit - SEMI STAAL A\\\/S\",\"isPartOf\":{\"@id\":\"https:\\\/\\\/semistaal.com\\\/de\\\/#website\"},\"datePublished\":\"2025-05-02T13:07:00+00:00\",\"dateModified\":\"2025-05-02T13:09:02+00:00\",\"breadcrumb\":{\"@id\":\"https:\\\/\\\/semistaal.com\\\/de\\\/iso-zertifizierte-qualitaet-umwelt-und-arbeitssicherheit\\\/#breadcrumb\"},\"inLanguage\":\"de\",\"potentialAction\":[{\"@type\":\"ReadAction\",\"target\":[\"https:\\\/\\\/semistaal.com\\\/de\\\/iso-zertifizierte-qualitaet-umwelt-und-arbeitssicherheit\\\/\"]}]},{\"@type\":\"BreadcrumbList\",\"@id\":\"https:\\\/\\\/semistaal.com\\\/de\\\/iso-zertifizierte-qualitaet-umwelt-und-arbeitssicherheit\\\/#breadcrumb\",\"itemListElement\":[{\"@type\":\"ListItem\",\"position\":1,\"name\":\"Home\",\"item\":\"https:\\\/\\\/semistaal.com\\\/de\\\/\"},{\"@type\":\"ListItem\",\"position\":2,\"name\":\"ISO-zertifizierte Qualit\u00e4t, Umwelt und Arbeitssicherheit\"}]},{\"@type\":\"WebSite\",\"@id\":\"https:\\\/\\\/semistaal.com\\\/de\\\/#website\",\"url\":\"https:\\\/\\\/semistaal.com\\\/de\\\/\",\"name\":\"SEMI STAAL A\\\/S\",\"description\":\"Cleaning &amp; Automation\",\"potentialAction\":[{\"@type\":\"SearchAction\",\"target\":{\"@type\":\"EntryPoint\",\"urlTemplate\":\"https:\\\/\\\/semistaal.com\\\/de\\\/?s={search_term_string}\"},\"query-input\":{\"@type\":\"PropertyValueSpecification\",\"valueRequired\":true,\"valueName\":\"search_term_string\"}}],\"inLanguage\":\"de\"}]}<\/script>\n<!-- \/ Yoast SEO plugin. -->","yoast_head_json":{"title":"ISO-zertifizierte Qualit\u00e4t, Umwelt und Arbeitssicherheit - SEMI STAAL A\/S","robots":{"index":"index","follow":"follow","max-snippet":"max-snippet:-1","max-image-preview":"max-image-preview:large","max-video-preview":"max-video-preview:-1"},"canonical":"https:\/\/semistaal.com\/de\/iso-zertifizierte-qualitaet-umwelt-und-arbeitssicherheit\/","og_locale":"de_DE","og_type":"article","og_title":"ISO-zertifizierte Qualit\u00e4t, Umwelt und Arbeitssicherheit - SEMI STAAL A\/S","og_description":"ISO-zertifizierte Qualit\u00e4t, Umwelt und Arbeitssicherheit ISO-zertifizierte Qualit\u00e4t, Umwelt und Arbeitssicherheit Bei Semi Staal sind Qualit\u00e4t, Nachhaltigkeit und Arbeitssicherheit keine Zusatzoptionen \u2013 sie sind ein integraler Bestandteil unserer Arbeitsweise.Unsere L\u00f6sungen sind nicht nur darauf ausgelegt, effizient und zuverl\u00e4ssig zu sein \u2013 sie sollen auch verantwortungsbewusstes Handeln bei unseren Kunden unterst\u00fctzen und einen positiven Beitrag f\u00fcr Mensch [&hellip;]","og_url":"https:\/\/semistaal.com\/de\/iso-zertifizierte-qualitaet-umwelt-und-arbeitssicherheit\/","og_site_name":"SEMI STAAL A\/S","article_modified_time":"2025-05-02T13:09:02+00:00","twitter_card":"summary_large_image","twitter_misc":{"Gesch\u00e4tzte Lesezeit":"1\u00a0Minute"},"schema":{"@context":"https:\/\/schema.org","@graph":[{"@type":"WebPage","@id":"https:\/\/semistaal.com\/de\/iso-zertifizierte-qualitaet-umwelt-und-arbeitssicherheit\/","url":"https:\/\/semistaal.com\/de\/iso-zertifizierte-qualitaet-umwelt-und-arbeitssicherheit\/","name":"ISO-zertifizierte Qualit\u00e4t, Umwelt und Arbeitssicherheit - SEMI STAAL A\/S","isPartOf":{"@id":"https:\/\/semistaal.com\/de\/#website"},"datePublished":"2025-05-02T13:07:00+00:00","dateModified":"2025-05-02T13:09:02+00:00","breadcrumb":{"@id":"https:\/\/semistaal.com\/de\/iso-zertifizierte-qualitaet-umwelt-und-arbeitssicherheit\/#breadcrumb"},"inLanguage":"de","potentialAction":[{"@type":"ReadAction","target":["https:\/\/semistaal.com\/de\/iso-zertifizierte-qualitaet-umwelt-und-arbeitssicherheit\/"]}]},{"@type":"BreadcrumbList","@id":"https:\/\/semistaal.com\/de\/iso-zertifizierte-qualitaet-umwelt-und-arbeitssicherheit\/#breadcrumb","itemListElement":[{"@type":"ListItem","position":1,"name":"Home","item":"https:\/\/semistaal.com\/de\/"},{"@type":"ListItem","position":2,"name":"ISO-zertifizierte Qualit\u00e4t, Umwelt und Arbeitssicherheit"}]},{"@type":"WebSite","@id":"https:\/\/semistaal.com\/de\/#website","url":"https:\/\/semistaal.com\/de\/","name":"SEMI STAAL A\/S","description":"Cleaning &amp; Automation","potentialAction":[{"@type":"SearchAction","target":{"@type":"EntryPoint","urlTemplate":"https:\/\/semistaal.com\/de\/?s={search_term_string}"},"query-input":{"@type":"PropertyValueSpecification","valueRequired":true,"valueName":"search_term_string"}}],"inLanguage":"de"}]}},"_links":{"self":[{"href":"https:\/\/semistaal.com\/de\/wp-json\/wp\/v2\/pages\/10127","targetHints":{"allow":["GET"]}}],"collection":[{"href":"https:\/\/semistaal.com\/de\/wp-json\/wp\/v2\/pages"}],"about":[{"href":"https:\/\/semistaal.com\/de\/wp-json\/wp\/v2\/types\/page"}],"author":[{"embeddable":true,"href":"https:\/\/semistaal.com\/de\/wp-json\/wp\/v2\/users\/8"}],"replies":[{"embeddable":true,"href":"https:\/\/semistaal.com\/de\/wp-json\/wp\/v2\/comments?post=10127"}],"version-history":[{"count":0,"href":"https:\/\/semistaal.com\/de\/wp-json\/wp\/v2\/pages\/10127\/revisions"}],"wp:attachment":[{"href":"https:\/\/semistaal.com\/de\/wp-json\/wp\/v2\/media?parent=10127"}],"curies":[{"name":"wp","href":"https:\/\/api.w.org\/{rel}","templated":true}]}}